{"id":1224,"date":"2024-11-13T08:32:39","date_gmt":"2024-11-13T08:32:39","guid":{"rendered":"https:\/\/xihakidz.com\/?page_id=1224"},"modified":"2025-01-02T09:06:36","modified_gmt":"2025-01-02T09:06:36","slug":"kindermobel","status":"publish","type":"page","link":"https:\/\/xihakidz.com\/de\/kids-home-furniture\/","title":{"rendered":"Kids Home Furniture"},"content":{"rendered":"<div data-elementor-type=\"wp-page\" data-elementor-id=\"1224\" class=\"elementor elementor-1224\" data-elementor-post-type=\"page\">\n\t\t\t\t\t\t<section class=\"elementor-section elementor-top-section elementor-element elementor-element-a5fa1c8 elementor-section-boxed elementor-section-height-default elementor-section-height-default\" data-id=\"a5fa1c8\" data-element_type=\"section\" data-e-type=\"section\" data-settings=\"{&quot;ekit_has_onepagescroll_dot&quot;:&quot;yes&quot;}\">\n\t\t\t\t\t\t<div class=\"elementor-container elementor-column-gap-default\">\n\t\t\t\t\t<div class=\"elementor-column elementor-col-100 elementor-top-column elementor-element elementor-element-b7b2af7\" data-id=\"b7b2af7\" data-element_type=\"column\" data-e-type=\"column\">\n\t\t\t<div class=\"elementor-widget-wrap elementor-element-populated\">\n\t\t\t\t\t\t<section class=\"elementor-section elementor-inner-section elementor-element elementor-element-645adee elementor-section-boxed elementor-section-height-default elementor-section-height-default\" data-id=\"645adee\" data-element_type=\"section\" data-e-type=\"section\" data-settings=\"{&quot;ekit_has_onepagescroll_dot&quot;:&quot;yes&quot;}\">\n\t\t\t\t\t\t<div class=\"elementor-container elementor-column-gap-default\">\n\t\t\t\t\t<div class=\"elementor-column elementor-col-100 elementor-inner-column elementor-element elementor-element-388f5dd\" data-id=\"388f5dd\" data-element_type=\"column\" data-e-type=\"column\">\n\t\t\t<div class=\"elementor-widget-wrap elementor-element-populated\">\n\t\t\t\t\t\t<div class=\"elementor-element elementor-element-35fab0d elementor-widget elementor-widget-elementskit-heading\" data-id=\"35fab0d\" data-element_type=\"widget\" data-e-type=\"widget\" data-settings=\"{&quot;ekit_we_effect_on&quot;:&quot;none&quot;}\" data-widget_type=\"elementskit-heading.default\">\n\t\t\t\t<div class=\"elementor-widget-container\">\n\t\t\t\t\t<div class=\"ekit-wid-con\" ><div class=\"ekit-heading elementskit-section-title-wraper text_center   ekit_heading_tablet-   ekit_heading_mobile-\"><h1 class=\"ekit-heading--title elementskit-section-title\">Kinderm\u00f6bel<\/h1>\t\t\t\t<div class='ekit-heading__description'>\n\t\t\t\t\t<p>Entdecken Sie unsere Vorschulm\u00f6belkollektion, die sich ideal f\u00fcr Kindertagesst\u00e4tten und Kinderg\u00e4rten eignet. Unsere Produkte vereinen Sicherheit, Langlebigkeit und Funktionalit\u00e4t und schaffen so ansprechende Lernr\u00e4ume f\u00fcr Kleinkinder. Von vielseitigen Tischen und St\u00fchlen bis hin zu intelligenten Aufbewahrungsl\u00f6sungen \u2013 jedes M\u00f6belst\u00fcck ist darauf ausgelegt, die fr\u00fchkindliche Bildung und das Spielen zu f\u00f6rdern.<\/p>\n\t\t\t\t<\/div>\n\t\t\t<\/div><\/div>\t\t\t\t<\/div>\n\t\t\t\t<\/div>\n\t\t\t\t\t<\/div>\n\t\t<\/div>\n\t\t\t\t\t<\/div>\n\t\t<\/section>\n\t\t\t\t<section class=\"elementor-section elementor-inner-section elementor-element elementor-element-ac8dc94 elementor-section-boxed elementor-section-height-default elementor-section-height-default\" data-id=\"ac8dc94\" data-element_type=\"section\" data-e-type=\"section\" data-settings=\"{&quot;ekit_has_onepagescroll_dot&quot;:&quot;yes&quot;}\">\n\t\t\t\t\t\t<div class=\"elementor-container elementor-column-gap-default\">\n\t\t\t\t\t<div class=\"elementor-column elementor-col-33 elementor-inner-column elementor-element elementor-element-1167331\" data-id=\"1167331\" data-element_type=\"column\" data-e-type=\"column\">\n\t\t\t<div class=\"elementor-widget-wrap elementor-element-populated\">\n\t\t\t\t\t\t<div class=\"elementor-element elementor-element-f611ce9 ekit-equal-height-disable elementor-widget elementor-widget-elementskit-image-box\" data-id=\"f611ce9\" data-element_type=\"widget\" data-e-type=\"widget\" data-settings=\"{&quot;ekit_we_effect_on&quot;:&quot;none&quot;}\" data-widget_type=\"elementskit-image-box.default\">\n\t\t\t\t<div class=\"elementor-widget-container\">\n\t\t\t\t\t<div class=\"ekit-wid-con\" >\n            <div class=\"elementskit-info-image-box ekit-image-box text-left style-modern\" >\n\n                \n                <div class=\"elementskit-box-header image-box-img-left\">\n\n                    <img fetchpriority=\"high\" decoding=\"async\" width=\"800\" height=\"800\" src=\"https:\/\/xihakidz.com\/wp-content\/uploads\/2024\/11\/Tables-and-Desks.webp\" class=\"attachment-full size-full wp-image-1235\" alt=\"Tische und Schreibtische\" srcset=\"https:\/\/xihakidz.com\/wp-content\/uploads\/2024\/11\/Tables-and-Desks.webp 800w, https:\/\/xihakidz.com\/wp-content\/uploads\/2024\/11\/Tables-and-Desks-300x300.webp 300w, https:\/\/xihakidz.com\/wp-content\/uploads\/2024\/11\/Tables-and-Desks-150x150.webp 150w, https:\/\/xihakidz.com\/wp-content\/uploads\/2024\/11\/Tables-and-Desks-768x768.webp 768w\" sizes=\"(max-width: 800px) 100vw, 800px\" \/>\n                <\/div>\n                \n                <div class=\"elementskit-box-body ekit-image-box-body\">\n                    <div class=\"elementskit-box-content ekit-image-box-body-inner\">\n                                                <h2 class=\"elementskit-info-box-title\">\n\n                        Tische und Schreibtische\n                        \n                    <\/h2>\n                                                            <div class=\"elementskit-box-style-content\">\n                        Tische und Schreibtische in perfekter Gr\u00f6\u00dfe f\u00fcr Kinder \u2013 ideal zum Basteln, f\u00fcr Snacks und zum Lernen. Dank der robusten Konstruktion und des schlichten Designs sind sie eine vielseitige Erg\u00e4nzung f\u00fcr jedes Kinderzimmer.                    <\/div>\n                                    <\/div>\n\n                                <div class=\"elementskit-box-footer\">\n                    <div class=\"box-footer\">\n                        <div class=\"btn-wraper\">\n                                                            <a href=\"#elementor-action%3Aaction%3Dpopup%3Aopen%26settings%3DeyJpZCI6IjgyOCIsInRvZ2dsZSI6ZmFsc2V9\" class=\"elementskit-btn whitespace--normal\">\n                                    \n                                    \n                                    Mehr lesen                                <\/a>\n                                                        <\/div>\n                    <\/div>\n                <\/div>\n                            <\/div>\n            <\/div>\n    <\/div>\t\t\t\t<\/div>\n\t\t\t\t<\/div>\n\t\t\t\t\t<\/div>\n\t\t<\/div>\n\t\t\t\t<div class=\"elementor-column elementor-col-33 elementor-inner-column elementor-element elementor-element-3e3b1bb\" data-id=\"3e3b1bb\" data-element_type=\"column\" data-e-type=\"column\">\n\t\t\t<div class=\"elementor-widget-wrap elementor-element-populated\">\n\t\t\t\t\t\t<div class=\"elementor-element elementor-element-d8fbe22 ekit-equal-height-disable elementor-widget elementor-widget-elementskit-image-box\" data-id=\"d8fbe22\" data-element_type=\"widget\" data-e-type=\"widget\" data-settings=\"{&quot;ekit_we_effect_on&quot;:&quot;none&quot;}\" data-widget_type=\"elementskit-image-box.default\">\n\t\t\t\t<div class=\"elementor-widget-container\">\n\t\t\t\t\t<div class=\"ekit-wid-con\" >\n            <div class=\"elementskit-info-image-box ekit-image-box text-left style-modern\" >\n\n                \n                <div class=\"elementskit-box-header image-box-img-left\">\n\n                    <img decoding=\"async\" width=\"800\" height=\"800\" src=\"https:\/\/xihakidz.com\/wp-content\/uploads\/2024\/11\/Chairs.webp\" class=\"attachment-full size-full wp-image-1234\" alt=\"St\u00fchle\" srcset=\"https:\/\/xihakidz.com\/wp-content\/uploads\/2024\/11\/Chairs.webp 800w, https:\/\/xihakidz.com\/wp-content\/uploads\/2024\/11\/Chairs-300x300.webp 300w, https:\/\/xihakidz.com\/wp-content\/uploads\/2024\/11\/Chairs-150x150.webp 150w, https:\/\/xihakidz.com\/wp-content\/uploads\/2024\/11\/Chairs-768x768.webp 768w\" sizes=\"(max-width: 800px) 100vw, 800px\" \/>\n                <\/div>\n                \n                <div class=\"elementskit-box-body ekit-image-box-body\">\n                    <div class=\"elementskit-box-content ekit-image-box-body-inner\">\n                                                <h2 class=\"elementskit-info-box-title\">\n\n                        St\u00fchle\n                        \n                    <\/h2>\n                                                            <div class=\"elementskit-box-style-content\">\n                        Gem\u00fctliche und st\u00fctzende St\u00fchle speziell f\u00fcr die Kleinen bieten einen gem\u00fctlichen Platz zum Lesen oder Entspannen. Leicht und einfach zu bewegen, verleihen diese St\u00fchle jedem Raum eine verspielte Note.                    <\/div>\n                                    <\/div>\n\n                                <div class=\"elementskit-box-footer\">\n                    <div class=\"box-footer\">\n                        <div class=\"btn-wraper\">\n                                                            <a href=\"#elementor-action%3Aaction%3Dpopup%3Aopen%26settings%3DeyJpZCI6IjgyOCIsInRvZ2dsZSI6ZmFsc2V9\" class=\"elementskit-btn whitespace--normal\">\n                                    \n                                    \n                                    Mehr lesen                                <\/a>\n                                                        <\/div>\n                    <\/div>\n                <\/div>\n                            <\/div>\n            <\/div>\n    <\/div>\t\t\t\t<\/div>\n\t\t\t\t<\/div>\n\t\t\t\t\t<\/div>\n\t\t<\/div>\n\t\t\t\t<div class=\"elementor-column elementor-col-33 elementor-inner-column elementor-element elementor-element-58f2817\" data-id=\"58f2817\" data-element_type=\"column\" data-e-type=\"column\">\n\t\t\t<div class=\"elementor-widget-wrap elementor-element-populated\">\n\t\t\t\t\t\t<div class=\"elementor-element elementor-element-8e93f81 ekit-equal-height-disable elementor-widget elementor-widget-elementskit-image-box\" data-id=\"8e93f81\" data-element_type=\"widget\" data-e-type=\"widget\" data-settings=\"{&quot;ekit_we_effect_on&quot;:&quot;none&quot;}\" data-widget_type=\"elementskit-image-box.default\">\n\t\t\t\t<div class=\"elementor-widget-container\">\n\t\t\t\t\t<div class=\"ekit-wid-con\" >\n            <div class=\"elementskit-info-image-box ekit-image-box text-left style-modern\" >\n\n                \n                <div class=\"elementskit-box-header image-box-img-left\">\n\n                    <img decoding=\"async\" width=\"800\" height=\"800\" src=\"https:\/\/xihakidz.com\/wp-content\/uploads\/2024\/11\/Bookcases.webp\" class=\"attachment-full size-full wp-image-1233\" alt=\"B\u00fccherregale\" srcset=\"https:\/\/xihakidz.com\/wp-content\/uploads\/2024\/11\/Bookcases.webp 800w, https:\/\/xihakidz.com\/wp-content\/uploads\/2024\/11\/Bookcases-300x300.webp 300w, https:\/\/xihakidz.com\/wp-content\/uploads\/2024\/11\/Bookcases-150x150.webp 150w, https:\/\/xihakidz.com\/wp-content\/uploads\/2024\/11\/Bookcases-768x768.webp 768w\" sizes=\"(max-width: 800px) 100vw, 800px\" \/>\n                <\/div>\n                \n                <div class=\"elementskit-box-body ekit-image-box-body\">\n                    <div class=\"elementskit-box-content ekit-image-box-body-inner\">\n                                                <h2 class=\"elementskit-info-box-title\">\n\n                        B\u00fccherregal\n                        \n                    <\/h2>\n                                                            <div class=\"elementskit-box-style-content\">\n                        Ein praktisches B\u00fccherregal mit mehreren Ablagen zum Ordnen von B\u00fcchern, Spielzeug und Kleinigkeiten. Ideal f\u00fcr zus\u00e4tzliche Aufbewahrungs- und Pr\u00e4sentationsm\u00f6glichkeiten im Kinderzimmer oder Spielbereich. So k\u00f6nnen Kinder ganz einfach selbstst\u00e4ndig auf ihre Lieblingsgegenst\u00e4nde zugreifen.                    <\/div>\n                                    <\/div>\n\n                                <div class=\"elementskit-box-footer\">\n                    <div class=\"box-footer\">\n                        <div class=\"btn-wraper\">\n                                                            <a href=\"#elementor-action%3Aaction%3Dpopup%3Aopen%26settings%3DeyJpZCI6IjgyOCIsInRvZ2dsZSI6ZmFsc2V9\" class=\"elementskit-btn whitespace--normal\">\n                                    \n                                    \n                                    Mehr lesen                                <\/a>\n                                                        <\/div>\n                    <\/div>\n                <\/div>\n                            <\/div>\n            <\/div>\n    <\/div>\t\t\t\t<\/div>\n\t\t\t\t<\/div>\n\t\t\t\t\t<\/div>\n\t\t<\/div>\n\t\t\t\t\t<\/div>\n\t\t<\/section>\n\t\t\t\t<section class=\"elementor-section elementor-inner-section elementor-element elementor-element-f4828c6 elementor-section-boxed elementor-section-height-default elementor-section-height-default\" data-id=\"f4828c6\" data-element_type=\"section\" data-e-type=\"section\" data-settings=\"{&quot;ekit_has_onepagescroll_dot&quot;:&quot;yes&quot;}\">\n\t\t\t\t\t\t<div class=\"elementor-container elementor-column-gap-default\">\n\t\t\t\t\t<div class=\"elementor-column elementor-col-33 elementor-inner-column elementor-element elementor-element-db31a37\" data-id=\"db31a37\" data-element_type=\"column\" data-e-type=\"column\">\n\t\t\t<div class=\"elementor-widget-wrap elementor-element-populated\">\n\t\t\t\t\t\t<div class=\"elementor-element elementor-element-558c62f ekit-equal-height-disable elementor-widget elementor-widget-elementskit-image-box\" data-id=\"558c62f\" data-element_type=\"widget\" data-e-type=\"widget\" data-settings=\"{&quot;ekit_we_effect_on&quot;:&quot;none&quot;}\" data-widget_type=\"elementskit-image-box.default\">\n\t\t\t\t<div class=\"elementor-widget-container\">\n\t\t\t\t\t<div class=\"ekit-wid-con\" >\n            <div class=\"elementskit-info-image-box ekit-image-box text-left style-modern\" >\n\n                \n                <div class=\"elementskit-box-header image-box-img-left\">\n\n                    <img loading=\"lazy\" decoding=\"async\" width=\"800\" height=\"800\" src=\"https:\/\/xihakidz.com\/wp-content\/uploads\/2024\/11\/Toy-Storage.webp\" class=\"attachment-full size-full wp-image-1232\" alt=\"Spielzeugaufbewahrung\" srcset=\"https:\/\/xihakidz.com\/wp-content\/uploads\/2024\/11\/Toy-Storage.webp 800w, https:\/\/xihakidz.com\/wp-content\/uploads\/2024\/11\/Toy-Storage-300x300.webp 300w, https:\/\/xihakidz.com\/wp-content\/uploads\/2024\/11\/Toy-Storage-150x150.webp 150w, https:\/\/xihakidz.com\/wp-content\/uploads\/2024\/11\/Toy-Storage-768x768.webp 768w\" sizes=\"(max-width: 800px) 100vw, 800px\" \/>\n                <\/div>\n                \n                <div class=\"elementskit-box-body ekit-image-box-body\">\n                    <div class=\"elementskit-box-content ekit-image-box-body-inner\">\n                                                <h2 class=\"elementskit-info-box-title\">\n\n                        Spielzeugaufbewahrung\n                        \n                    <\/h2>\n                                                            <div class=\"elementskit-box-style-content\">\n                        Praktische Aufbewahrungseinheiten f\u00fcr die \u00fcbersichtliche Aufbewahrung von Spielzeug, Spielen und Alltagsgegenst\u00e4nden. Mit kindgerechten F\u00e4chern und leicht erreichbaren Bereichen f\u00f6rdern diese Aufbewahrungsl\u00f6sungen die Unabh\u00e4ngigkeit der Kinder.                    <\/div>\n                                    <\/div>\n\n                                <div class=\"elementskit-box-footer\">\n                    <div class=\"box-footer\">\n                        <div class=\"btn-wraper\">\n                                                            <a href=\"#elementor-action%3Aaction%3Dpopup%3Aopen%26settings%3DeyJpZCI6IjgyOCIsInRvZ2dsZSI6ZmFsc2V9\" class=\"elementskit-btn whitespace--normal\">\n                                    \n                                    \n                                    Mehr lesen                                <\/a>\n                                                        <\/div>\n                    <\/div>\n                <\/div>\n                            <\/div>\n            <\/div>\n    <\/div>\t\t\t\t<\/div>\n\t\t\t\t<\/div>\n\t\t\t\t\t<\/div>\n\t\t<\/div>\n\t\t\t\t<div class=\"elementor-column elementor-col-33 elementor-inner-column elementor-element elementor-element-2f3f334\" data-id=\"2f3f334\" data-element_type=\"column\" data-e-type=\"column\">\n\t\t\t<div class=\"elementor-widget-wrap elementor-element-populated\">\n\t\t\t\t\t\t<div class=\"elementor-element elementor-element-5d519c4 ekit-equal-height-disable elementor-widget elementor-widget-elementskit-image-box\" data-id=\"5d519c4\" data-element_type=\"widget\" data-e-type=\"widget\" data-settings=\"{&quot;ekit_we_effect_on&quot;:&quot;none&quot;}\" data-widget_type=\"elementskit-image-box.default\">\n\t\t\t\t<div class=\"elementor-widget-container\">\n\t\t\t\t\t<div class=\"ekit-wid-con\" >\n            <div class=\"elementskit-info-image-box ekit-image-box text-left style-modern\" >\n\n                \n                <div class=\"elementskit-box-header image-box-img-left\">\n\n                    <img loading=\"lazy\" decoding=\"async\" width=\"800\" height=\"800\" src=\"https:\/\/xihakidz.com\/wp-content\/uploads\/2024\/11\/Nursery-cribs.webp\" class=\"attachment-full size-full wp-image-1236\" alt=\"Kinderbetten\" srcset=\"https:\/\/xihakidz.com\/wp-content\/uploads\/2024\/11\/Nursery-cribs.webp 800w, https:\/\/xihakidz.com\/wp-content\/uploads\/2024\/11\/Nursery-cribs-300x300.webp 300w, https:\/\/xihakidz.com\/wp-content\/uploads\/2024\/11\/Nursery-cribs-150x150.webp 150w, https:\/\/xihakidz.com\/wp-content\/uploads\/2024\/11\/Nursery-cribs-768x768.webp 768w\" sizes=\"(max-width: 800px) 100vw, 800px\" \/>\n                <\/div>\n                \n                <div class=\"elementskit-box-body ekit-image-box-body\">\n                    <div class=\"elementskit-box-content ekit-image-box-body-inner\">\n                                                <h2 class=\"elementskit-info-box-title\">\n\n                        Kinderbetten und Kinderbetten\n                        \n                    <\/h2>\n                                                            <div class=\"elementskit-box-style-content\">\n                        Bequeme Betten und Kinderbetten bieten S\u00e4uglingen und Kleinkindern einen sicheren, gem\u00fctlichen Schlafplatz. Aus hochwertigen Materialien gefertigt, garantieren sie erholsame N\u00e4chte und s\u00fc\u00dfe Tr\u00e4ume.                    <\/div>\n                                    <\/div>\n\n                                <div class=\"elementskit-box-footer\">\n                    <div class=\"box-footer\">\n                        <div class=\"btn-wraper\">\n                                                            <a href=\"#elementor-action%3Aaction%3Dpopup%3Aopen%26settings%3DeyJpZCI6IjgyOCIsInRvZ2dsZSI6ZmFsc2V9\" class=\"elementskit-btn whitespace--normal\">\n                                    \n                                    \n                                    Mehr lesen                                <\/a>\n                                                        <\/div>\n                    <\/div>\n                <\/div>\n                            <\/div>\n            <\/div>\n    <\/div>\t\t\t\t<\/div>\n\t\t\t\t<\/div>\n\t\t\t\t\t<\/div>\n\t\t<\/div>\n\t\t\t\t<div class=\"elementor-column elementor-col-33 elementor-inner-column elementor-element elementor-element-ad642bb\" data-id=\"ad642bb\" data-element_type=\"column\" data-e-type=\"column\">\n\t\t\t<div class=\"elementor-widget-wrap elementor-element-populated\">\n\t\t\t\t\t\t<div class=\"elementor-element elementor-element-3a2b379 ekit-equal-height-disable elementor-widget elementor-widget-elementskit-image-box\" data-id=\"3a2b379\" data-element_type=\"widget\" data-e-type=\"widget\" data-settings=\"{&quot;ekit_we_effect_on&quot;:&quot;none&quot;}\" data-widget_type=\"elementskit-image-box.default\">\n\t\t\t\t<div class=\"elementor-widget-container\">\n\t\t\t\t\t<div class=\"ekit-wid-con\" >\n            <div class=\"elementskit-info-image-box ekit-image-box text-left style-modern\" >\n\n                \n                <div class=\"elementskit-box-header image-box-img-left\">\n\n                    <img loading=\"lazy\" decoding=\"async\" width=\"800\" height=\"800\" src=\"https:\/\/xihakidz.com\/wp-content\/uploads\/2024\/11\/dramatic-play.webp\" class=\"attachment-full size-full wp-image-1237\" alt=\"dramatisches Spiel\" srcset=\"https:\/\/xihakidz.com\/wp-content\/uploads\/2024\/11\/dramatic-play.webp 800w, https:\/\/xihakidz.com\/wp-content\/uploads\/2024\/11\/dramatic-play-300x300.webp 300w, https:\/\/xihakidz.com\/wp-content\/uploads\/2024\/11\/dramatic-play-150x150.webp 150w, https:\/\/xihakidz.com\/wp-content\/uploads\/2024\/11\/dramatic-play-768x768.webp 768w\" sizes=\"(max-width: 800px) 100vw, 800px\" \/>\n                <\/div>\n                \n                <div class=\"elementskit-box-body ekit-image-box-body\">\n                    <div class=\"elementskit-box-content ekit-image-box-body-inner\">\n                                                <h2 class=\"elementskit-info-box-title\">\n\n                        Dramatisches Spiel\n                        \n                    <\/h2>\n                                                            <div class=\"elementskit-box-style-content\">\n                        F\u00f6rdern Sie Kreativit\u00e4t und fantasievolles Spielen mit einer Vielzahl von Rollenspielm\u00f6beln und Accessoires. Diese St\u00fccke eignen sich perfekt zum Verkleiden, Rollenspielen und Geschichtenerz\u00e4hlen und sorgen f\u00fcr Spa\u00df und Entdeckungsfreude im Kinderzimmer.                    <\/div>\n                                    <\/div>\n\n                                <div class=\"elementskit-box-footer\">\n                    <div class=\"box-footer\">\n                        <div class=\"btn-wraper\">\n                                                            <a href=\"#elementor-action%3Aaction%3Dpopup%3Aopen%26settings%3DeyJpZCI6IjgyOCIsInRvZ2dsZSI6ZmFsc2V9\" class=\"elementskit-btn whitespace--normal\">\n                                    \n                                    \n                                    Mehr lesen                                <\/a>\n                                                        <\/div>\n                    <\/div>\n                <\/div>\n                            <\/div>\n            <\/div>\n    <\/div>\t\t\t\t<\/div>\n\t\t\t\t<\/div>\n\t\t\t\t\t<\/div>\n\t\t<\/div>\n\t\t\t\t\t<\/div>\n\t\t<\/section>\n\t\t\t\t\t<\/div>\n\t\t<\/div>\n\t\t\t\t\t<\/div>\n\t\t<\/section>\n\t\t\t\t<\/div>","protected":false},"excerpt":{"rendered":"<p>Kids Home Furnitrue Explore our Preschool Furniture collection, which is ideal for daycare and kindergarten settings. Our products combine safety, durability, and functionality to create engaging learning spaces for young children. From versatile tables and chairs to intelligent storage solutions, each piece is designed to support early education and play. Tables and Desks Perfectly sized [&hellip;]<\/p>\n","protected":false},"author":1,"featured_media":0,"parent":0,"menu_order":0,"comment_status":"closed","ping_status":"closed","template":"","meta":{"footnotes":""},"class_list":["post-1224","page","type-page","status-publish","hentry"],"_links":{"self":[{"href":"https:\/\/xihakidz.com\/de\/wp-json\/wp\/v2\/pages\/1224","targetHints":{"allow":["GET"]}}],"collection":[{"href":"https:\/\/xihakidz.com\/de\/wp-json\/wp\/v2\/pages"}],"about":[{"href":"https:\/\/xihakidz.com\/de\/wp-json\/wp\/v2\/types\/page"}],"author":[{"embeddable":true,"href":"https:\/\/xihakidz.com\/de\/wp-json\/wp\/v2\/users\/1"}],"replies":[{"embeddable":true,"href":"https:\/\/xihakidz.com\/de\/wp-json\/wp\/v2\/comments?post=1224"}],"version-history":[{"count":0,"href":"https:\/\/xihakidz.com\/de\/wp-json\/wp\/v2\/pages\/1224\/revisions"}],"wp:attachment":[{"href":"https:\/\/xihakidz.com\/de\/wp-json\/wp\/v2\/media?parent=1224"}],"curies":[{"name":"wp","href":"https:\/\/api.w.org\/{rel}","templated":true}]}}