{"id":1224,"date":"2024-11-13T08:32:39","date_gmt":"2024-11-13T08:32:39","guid":{"rendered":"https:\/\/xihakidz.com\/?page_id=1224"},"modified":"2025-01-02T09:06:36","modified_gmt":"2025-01-02T09:06:36","slug":"muebles-de-hogar-para-ninos","status":"publish","type":"page","link":"https:\/\/xihakidz.com\/es\/kids-home-furniture\/","title":{"rendered":"Kids Home Furniture"},"content":{"rendered":"<div data-elementor-type=\"wp-page\" data-elementor-id=\"1224\" class=\"elementor elementor-1224\" data-elementor-post-type=\"page\">\n\t\t\t\t\t\t<section class=\"elementor-section elementor-top-section elementor-element elementor-element-a5fa1c8 elementor-section-boxed elementor-section-height-default elementor-section-height-default\" data-id=\"a5fa1c8\" data-element_type=\"section\" data-e-type=\"section\" data-settings=\"{&quot;ekit_has_onepagescroll_dot&quot;:&quot;yes&quot;}\">\n\t\t\t\t\t\t<div class=\"elementor-container elementor-column-gap-default\">\n\t\t\t\t\t<div class=\"elementor-column elementor-col-100 elementor-top-column elementor-element elementor-element-b7b2af7\" data-id=\"b7b2af7\" data-element_type=\"column\" data-e-type=\"column\">\n\t\t\t<div class=\"elementor-widget-wrap elementor-element-populated\">\n\t\t\t\t\t\t<section class=\"elementor-section elementor-inner-section elementor-element elementor-element-645adee elementor-section-boxed elementor-section-height-default elementor-section-height-default\" data-id=\"645adee\" data-element_type=\"section\" data-e-type=\"section\" data-settings=\"{&quot;ekit_has_onepagescroll_dot&quot;:&quot;yes&quot;}\">\n\t\t\t\t\t\t<div class=\"elementor-container elementor-column-gap-default\">\n\t\t\t\t\t<div class=\"elementor-column elementor-col-100 elementor-inner-column elementor-element elementor-element-388f5dd\" data-id=\"388f5dd\" data-element_type=\"column\" data-e-type=\"column\">\n\t\t\t<div class=\"elementor-widget-wrap elementor-element-populated\">\n\t\t\t\t\t\t<div class=\"elementor-element elementor-element-35fab0d elementor-widget elementor-widget-elementskit-heading\" data-id=\"35fab0d\" data-element_type=\"widget\" data-e-type=\"widget\" data-settings=\"{&quot;ekit_we_effect_on&quot;:&quot;none&quot;}\" data-widget_type=\"elementskit-heading.default\">\n\t\t\t\t<div class=\"elementor-widget-container\">\n\t\t\t\t\t<div class=\"ekit-wid-con\" ><div class=\"ekit-heading elementskit-section-title-wraper text_center   ekit_heading_tablet-   ekit_heading_mobile-\"><h1 class=\"ekit-heading--title elementskit-section-title\">Mobiliario infantil<\/h1>\t\t\t\t<div class='ekit-heading__description'>\n\t\t\t\t\t<p>Descubra nuestra colecci\u00f3n de mobiliario preescolar, ideal para guarder\u00edas y jardines de infancia. Nuestros productos combinan seguridad, durabilidad y funcionalidad para crear espacios de aprendizaje atractivos para los ni\u00f1os peque\u00f1os. Desde mesas y sillas vers\u00e1tiles hasta soluciones de almacenamiento inteligentes, cada pieza est\u00e1 dise\u00f1ada para apoyar la educaci\u00f3n temprana y el juego.<\/p>\n\t\t\t\t<\/div>\n\t\t\t<\/div><\/div>\t\t\t\t<\/div>\n\t\t\t\t<\/div>\n\t\t\t\t\t<\/div>\n\t\t<\/div>\n\t\t\t\t\t<\/div>\n\t\t<\/section>\n\t\t\t\t<section class=\"elementor-section elementor-inner-section elementor-element elementor-element-ac8dc94 elementor-section-boxed elementor-section-height-default elementor-section-height-default\" data-id=\"ac8dc94\" data-element_type=\"section\" data-e-type=\"section\" data-settings=\"{&quot;ekit_has_onepagescroll_dot&quot;:&quot;yes&quot;}\">\n\t\t\t\t\t\t<div class=\"elementor-container elementor-column-gap-default\">\n\t\t\t\t\t<div class=\"elementor-column elementor-col-33 elementor-inner-column elementor-element elementor-element-1167331\" data-id=\"1167331\" data-element_type=\"column\" data-e-type=\"column\">\n\t\t\t<div class=\"elementor-widget-wrap elementor-element-populated\">\n\t\t\t\t\t\t<div class=\"elementor-element elementor-element-f611ce9 ekit-equal-height-disable elementor-widget elementor-widget-elementskit-image-box\" data-id=\"f611ce9\" data-element_type=\"widget\" data-e-type=\"widget\" data-settings=\"{&quot;ekit_we_effect_on&quot;:&quot;none&quot;}\" data-widget_type=\"elementskit-image-box.default\">\n\t\t\t\t<div class=\"elementor-widget-container\">\n\t\t\t\t\t<div class=\"ekit-wid-con\" >\n            <div class=\"elementskit-info-image-box ekit-image-box text-left style-modern\" >\n\n                \n                <div class=\"elementskit-box-header image-box-img-left\">\n\n                    <img fetchpriority=\"high\" decoding=\"async\" width=\"800\" height=\"800\" src=\"https:\/\/xihakidz.com\/wp-content\/uploads\/2024\/11\/Tables-and-Desks.webp\" class=\"attachment-full size-full wp-image-1235\" alt=\"Mesas y escritorios\" srcset=\"https:\/\/xihakidz.com\/wp-content\/uploads\/2024\/11\/Tables-and-Desks.webp 800w, https:\/\/xihakidz.com\/wp-content\/uploads\/2024\/11\/Tables-and-Desks-300x300.webp 300w, https:\/\/xihakidz.com\/wp-content\/uploads\/2024\/11\/Tables-and-Desks-150x150.webp 150w, https:\/\/xihakidz.com\/wp-content\/uploads\/2024\/11\/Tables-and-Desks-768x768.webp 768w\" sizes=\"(max-width: 800px) 100vw, 800px\" \/>\n                <\/div>\n                \n                <div class=\"elementskit-box-body ekit-image-box-body\">\n                    <div class=\"elementskit-box-content ekit-image-box-body-inner\">\n                                                <h2 class=\"elementskit-info-box-title\">\n\n                        Mesas y escritorios\n                        \n                    <\/h2>\n                                                            <div class=\"elementskit-box-style-content\">\n                        Mesas y escritorios de tama\u00f1o perfecto para ni\u00f1os, dise\u00f1ados para apoyar manualidades, meriendas y tiempo de estudio. Su construcci\u00f3n robusta y su dise\u00f1o sencillo las convierten en un complemento vers\u00e1til para la habitaci\u00f3n de cualquier ni\u00f1o.                    <\/div>\n                                    <\/div>\n\n                                <div class=\"elementskit-box-footer\">\n                    <div class=\"box-footer\">\n                        <div class=\"btn-wraper\">\n                                                            <a href=\"#elementor-action%3Aaction%3Dpopup%3Aopen%26settings%3DeyJpZCI6IjgyOCIsInRvZ2dsZSI6ZmFsc2V9\" class=\"elementskit-btn whitespace--normal\">\n                                    \n                                    \n                                    Seguir leyendo                                <\/a>\n                                                        <\/div>\n                    <\/div>\n                <\/div>\n                            <\/div>\n            <\/div>\n    <\/div>\t\t\t\t<\/div>\n\t\t\t\t<\/div>\n\t\t\t\t\t<\/div>\n\t\t<\/div>\n\t\t\t\t<div class=\"elementor-column elementor-col-33 elementor-inner-column elementor-element elementor-element-3e3b1bb\" data-id=\"3e3b1bb\" data-element_type=\"column\" data-e-type=\"column\">\n\t\t\t<div class=\"elementor-widget-wrap elementor-element-populated\">\n\t\t\t\t\t\t<div class=\"elementor-element elementor-element-d8fbe22 ekit-equal-height-disable elementor-widget elementor-widget-elementskit-image-box\" data-id=\"d8fbe22\" data-element_type=\"widget\" data-e-type=\"widget\" data-settings=\"{&quot;ekit_we_effect_on&quot;:&quot;none&quot;}\" data-widget_type=\"elementskit-image-box.default\">\n\t\t\t\t<div class=\"elementor-widget-container\">\n\t\t\t\t\t<div class=\"ekit-wid-con\" >\n            <div class=\"elementskit-info-image-box ekit-image-box text-left style-modern\" >\n\n                \n                <div class=\"elementskit-box-header image-box-img-left\">\n\n                    <img decoding=\"async\" width=\"800\" height=\"800\" src=\"https:\/\/xihakidz.com\/wp-content\/uploads\/2024\/11\/Chairs.webp\" class=\"attachment-full size-full wp-image-1234\" alt=\"Sillas\" srcset=\"https:\/\/xihakidz.com\/wp-content\/uploads\/2024\/11\/Chairs.webp 800w, https:\/\/xihakidz.com\/wp-content\/uploads\/2024\/11\/Chairs-300x300.webp 300w, https:\/\/xihakidz.com\/wp-content\/uploads\/2024\/11\/Chairs-150x150.webp 150w, https:\/\/xihakidz.com\/wp-content\/uploads\/2024\/11\/Chairs-768x768.webp 768w\" sizes=\"(max-width: 800px) 100vw, 800px\" \/>\n                <\/div>\n                \n                <div class=\"elementskit-box-body ekit-image-box-body\">\n                    <div class=\"elementskit-box-content ekit-image-box-body-inner\">\n                                                <h2 class=\"elementskit-info-box-title\">\n\n                        Sillas\n                        \n                    <\/h2>\n                                                            <div class=\"elementskit-box-style-content\">\n                        Sillas acogedoras y de apoyo hechas a medida para los m\u00e1s peque\u00f1os, que ofrecen un lugar c\u00f3modo para leer o relajarse. Ligeras y f\u00e1ciles de mover, estas sillas a\u00f1aden un toque divertido a cualquier espacio.                    <\/div>\n                                    <\/div>\n\n                                <div class=\"elementskit-box-footer\">\n                    <div class=\"box-footer\">\n                        <div class=\"btn-wraper\">\n                                                            <a href=\"#elementor-action%3Aaction%3Dpopup%3Aopen%26settings%3DeyJpZCI6IjgyOCIsInRvZ2dsZSI6ZmFsc2V9\" class=\"elementskit-btn whitespace--normal\">\n                                    \n                                    \n                                    Seguir leyendo                                <\/a>\n                                                        <\/div>\n                    <\/div>\n                <\/div>\n                            <\/div>\n            <\/div>\n    <\/div>\t\t\t\t<\/div>\n\t\t\t\t<\/div>\n\t\t\t\t\t<\/div>\n\t\t<\/div>\n\t\t\t\t<div class=\"elementor-column elementor-col-33 elementor-inner-column elementor-element elementor-element-58f2817\" data-id=\"58f2817\" data-element_type=\"column\" data-e-type=\"column\">\n\t\t\t<div class=\"elementor-widget-wrap elementor-element-populated\">\n\t\t\t\t\t\t<div class=\"elementor-element elementor-element-8e93f81 ekit-equal-height-disable elementor-widget elementor-widget-elementskit-image-box\" data-id=\"8e93f81\" data-element_type=\"widget\" data-e-type=\"widget\" data-settings=\"{&quot;ekit_we_effect_on&quot;:&quot;none&quot;}\" data-widget_type=\"elementskit-image-box.default\">\n\t\t\t\t<div class=\"elementor-widget-container\">\n\t\t\t\t\t<div class=\"ekit-wid-con\" >\n            <div class=\"elementskit-info-image-box ekit-image-box text-left style-modern\" >\n\n                \n                <div class=\"elementskit-box-header image-box-img-left\">\n\n                    <img decoding=\"async\" width=\"800\" height=\"800\" src=\"https:\/\/xihakidz.com\/wp-content\/uploads\/2024\/11\/Bookcases.webp\" class=\"attachment-full size-full wp-image-1233\" alt=\"Librer\u00edas\" srcset=\"https:\/\/xihakidz.com\/wp-content\/uploads\/2024\/11\/Bookcases.webp 800w, https:\/\/xihakidz.com\/wp-content\/uploads\/2024\/11\/Bookcases-300x300.webp 300w, https:\/\/xihakidz.com\/wp-content\/uploads\/2024\/11\/Bookcases-150x150.webp 150w, https:\/\/xihakidz.com\/wp-content\/uploads\/2024\/11\/Bookcases-768x768.webp 768w\" sizes=\"(max-width: 800px) 100vw, 800px\" \/>\n                <\/div>\n                \n                <div class=\"elementskit-box-body ekit-image-box-body\">\n                    <div class=\"elementskit-box-content ekit-image-box-body-inner\">\n                                                <h2 class=\"elementskit-info-box-title\">\n\n                        Librer\u00eda\n                        \n                    <\/h2>\n                                                            <div class=\"elementskit-box-style-content\">\n                        Una pr\u00e1ctica estanter\u00eda con m\u00faltiples baldas para organizar libros, juguetes y objetos peque\u00f1os. Ideal para a\u00f1adir opciones de almacenamiento y exposici\u00f3n a las habitaciones o zonas de juego de los ni\u00f1os. Facilita a los ni\u00f1os el acceso independiente a sus objetos favoritos.                    <\/div>\n                                    <\/div>\n\n                                <div class=\"elementskit-box-footer\">\n                    <div class=\"box-footer\">\n                        <div class=\"btn-wraper\">\n                                                            <a href=\"#elementor-action%3Aaction%3Dpopup%3Aopen%26settings%3DeyJpZCI6IjgyOCIsInRvZ2dsZSI6ZmFsc2V9\" class=\"elementskit-btn whitespace--normal\">\n                                    \n                                    \n                                    Seguir leyendo                                <\/a>\n                                                        <\/div>\n                    <\/div>\n                <\/div>\n                            <\/div>\n            <\/div>\n    <\/div>\t\t\t\t<\/div>\n\t\t\t\t<\/div>\n\t\t\t\t\t<\/div>\n\t\t<\/div>\n\t\t\t\t\t<\/div>\n\t\t<\/section>\n\t\t\t\t<section class=\"elementor-section elementor-inner-section elementor-element elementor-element-f4828c6 elementor-section-boxed elementor-section-height-default elementor-section-height-default\" data-id=\"f4828c6\" data-element_type=\"section\" data-e-type=\"section\" data-settings=\"{&quot;ekit_has_onepagescroll_dot&quot;:&quot;yes&quot;}\">\n\t\t\t\t\t\t<div class=\"elementor-container elementor-column-gap-default\">\n\t\t\t\t\t<div class=\"elementor-column elementor-col-33 elementor-inner-column elementor-element elementor-element-db31a37\" data-id=\"db31a37\" data-element_type=\"column\" data-e-type=\"column\">\n\t\t\t<div class=\"elementor-widget-wrap elementor-element-populated\">\n\t\t\t\t\t\t<div class=\"elementor-element elementor-element-558c62f ekit-equal-height-disable elementor-widget elementor-widget-elementskit-image-box\" data-id=\"558c62f\" data-element_type=\"widget\" data-e-type=\"widget\" data-settings=\"{&quot;ekit_we_effect_on&quot;:&quot;none&quot;}\" data-widget_type=\"elementskit-image-box.default\">\n\t\t\t\t<div class=\"elementor-widget-container\">\n\t\t\t\t\t<div class=\"ekit-wid-con\" >\n            <div class=\"elementskit-info-image-box ekit-image-box text-left style-modern\" >\n\n                \n                <div class=\"elementskit-box-header image-box-img-left\">\n\n                    <img loading=\"lazy\" decoding=\"async\" width=\"800\" height=\"800\" src=\"https:\/\/xihakidz.com\/wp-content\/uploads\/2024\/11\/Toy-Storage.webp\" class=\"attachment-full size-full wp-image-1232\" alt=\"Almacenamiento de juguetes\" srcset=\"https:\/\/xihakidz.com\/wp-content\/uploads\/2024\/11\/Toy-Storage.webp 800w, https:\/\/xihakidz.com\/wp-content\/uploads\/2024\/11\/Toy-Storage-300x300.webp 300w, https:\/\/xihakidz.com\/wp-content\/uploads\/2024\/11\/Toy-Storage-150x150.webp 150w, https:\/\/xihakidz.com\/wp-content\/uploads\/2024\/11\/Toy-Storage-768x768.webp 768w\" sizes=\"(max-width: 800px) 100vw, 800px\" \/>\n                <\/div>\n                \n                <div class=\"elementskit-box-body ekit-image-box-body\">\n                    <div class=\"elementskit-box-content ekit-image-box-body-inner\">\n                                                <h2 class=\"elementskit-info-box-title\">\n\n                        Almacenamiento de juguetes\n                        \n                    <\/h2>\n                                                            <div class=\"elementskit-box-style-content\">\n                        Pr\u00e1cticas unidades de almacenamiento dise\u00f1adas para mantener juguetes, juegos y objetos de uso diario perfectamente organizados. Con compartimentos adaptados a los ni\u00f1os y secciones de f\u00e1cil acceso, estas soluciones de almacenamiento fomentan la independencia.                    <\/div>\n                                    <\/div>\n\n                                <div class=\"elementskit-box-footer\">\n                    <div class=\"box-footer\">\n                        <div class=\"btn-wraper\">\n                                                            <a href=\"#elementor-action%3Aaction%3Dpopup%3Aopen%26settings%3DeyJpZCI6IjgyOCIsInRvZ2dsZSI6ZmFsc2V9\" class=\"elementskit-btn whitespace--normal\">\n                                    \n                                    \n                                    Seguir leyendo                                <\/a>\n                                                        <\/div>\n                    <\/div>\n                <\/div>\n                            <\/div>\n            <\/div>\n    <\/div>\t\t\t\t<\/div>\n\t\t\t\t<\/div>\n\t\t\t\t\t<\/div>\n\t\t<\/div>\n\t\t\t\t<div class=\"elementor-column elementor-col-33 elementor-inner-column elementor-element elementor-element-2f3f334\" data-id=\"2f3f334\" data-element_type=\"column\" data-e-type=\"column\">\n\t\t\t<div class=\"elementor-widget-wrap elementor-element-populated\">\n\t\t\t\t\t\t<div class=\"elementor-element elementor-element-5d519c4 ekit-equal-height-disable elementor-widget elementor-widget-elementskit-image-box\" data-id=\"5d519c4\" data-element_type=\"widget\" data-e-type=\"widget\" data-settings=\"{&quot;ekit_we_effect_on&quot;:&quot;none&quot;}\" data-widget_type=\"elementskit-image-box.default\">\n\t\t\t\t<div class=\"elementor-widget-container\">\n\t\t\t\t\t<div class=\"ekit-wid-con\" >\n            <div class=\"elementskit-info-image-box ekit-image-box text-left style-modern\" >\n\n                \n                <div class=\"elementskit-box-header image-box-img-left\">\n\n                    <img loading=\"lazy\" decoding=\"async\" width=\"800\" height=\"800\" src=\"https:\/\/xihakidz.com\/wp-content\/uploads\/2024\/11\/Nursery-cribs.webp\" class=\"attachment-full size-full wp-image-1236\" alt=\"Cunas\" srcset=\"https:\/\/xihakidz.com\/wp-content\/uploads\/2024\/11\/Nursery-cribs.webp 800w, https:\/\/xihakidz.com\/wp-content\/uploads\/2024\/11\/Nursery-cribs-300x300.webp 300w, https:\/\/xihakidz.com\/wp-content\/uploads\/2024\/11\/Nursery-cribs-150x150.webp 150w, https:\/\/xihakidz.com\/wp-content\/uploads\/2024\/11\/Nursery-cribs-768x768.webp 768w\" sizes=\"(max-width: 800px) 100vw, 800px\" \/>\n                <\/div>\n                \n                <div class=\"elementskit-box-body ekit-image-box-body\">\n                    <div class=\"elementskit-box-content ekit-image-box-body-inner\">\n                                                <h2 class=\"elementskit-info-box-title\">\n\n                        Camas y cunas infantiles\n                        \n                    <\/h2>\n                                                            <div class=\"elementskit-box-style-content\">\n                        C\u00f3modas camas y cunas que proporcionan un espacio de descanso seguro y acogedor para beb\u00e9s y ni\u00f1os peque\u00f1os. Construidas con materiales de calidad para una mayor durabilidad, garantizan noches tranquilas y dulces sue\u00f1os.                    <\/div>\n                                    <\/div>\n\n                                <div class=\"elementskit-box-footer\">\n                    <div class=\"box-footer\">\n                        <div class=\"btn-wraper\">\n                                                            <a href=\"#elementor-action%3Aaction%3Dpopup%3Aopen%26settings%3DeyJpZCI6IjgyOCIsInRvZ2dsZSI6ZmFsc2V9\" class=\"elementskit-btn whitespace--normal\">\n                                    \n                                    \n                                    Seguir leyendo                                <\/a>\n                                                        <\/div>\n                    <\/div>\n                <\/div>\n                            <\/div>\n            <\/div>\n    <\/div>\t\t\t\t<\/div>\n\t\t\t\t<\/div>\n\t\t\t\t\t<\/div>\n\t\t<\/div>\n\t\t\t\t<div class=\"elementor-column elementor-col-33 elementor-inner-column elementor-element elementor-element-ad642bb\" data-id=\"ad642bb\" data-element_type=\"column\" data-e-type=\"column\">\n\t\t\t<div class=\"elementor-widget-wrap elementor-element-populated\">\n\t\t\t\t\t\t<div class=\"elementor-element elementor-element-3a2b379 ekit-equal-height-disable elementor-widget elementor-widget-elementskit-image-box\" data-id=\"3a2b379\" data-element_type=\"widget\" data-e-type=\"widget\" data-settings=\"{&quot;ekit_we_effect_on&quot;:&quot;none&quot;}\" data-widget_type=\"elementskit-image-box.default\">\n\t\t\t\t<div class=\"elementor-widget-container\">\n\t\t\t\t\t<div class=\"ekit-wid-con\" >\n            <div class=\"elementskit-info-image-box ekit-image-box text-left style-modern\" >\n\n                \n                <div class=\"elementskit-box-header image-box-img-left\">\n\n                    <img loading=\"lazy\" decoding=\"async\" width=\"800\" height=\"800\" src=\"https:\/\/xihakidz.com\/wp-content\/uploads\/2024\/11\/dramatic-play.webp\" class=\"attachment-full size-full wp-image-1237\" alt=\"juego dram\u00e1tico\" srcset=\"https:\/\/xihakidz.com\/wp-content\/uploads\/2024\/11\/dramatic-play.webp 800w, https:\/\/xihakidz.com\/wp-content\/uploads\/2024\/11\/dramatic-play-300x300.webp 300w, https:\/\/xihakidz.com\/wp-content\/uploads\/2024\/11\/dramatic-play-150x150.webp 150w, https:\/\/xihakidz.com\/wp-content\/uploads\/2024\/11\/dramatic-play-768x768.webp 768w\" sizes=\"(max-width: 800px) 100vw, 800px\" \/>\n                <\/div>\n                \n                <div class=\"elementskit-box-body ekit-image-box-body\">\n                    <div class=\"elementskit-box-content ekit-image-box-body-inner\">\n                                                <h2 class=\"elementskit-info-box-title\">\n\n                        Juego dram\u00e1tico\n                        \n                    <\/h2>\n                                                            <div class=\"elementskit-box-style-content\">\n                        Fomenta la creatividad y el juego imaginativo con una gran variedad de muebles y accesorios para juegos de rol. Perfectas para disfraces, juegos de simulaci\u00f3n y cuentos, estas piezas a\u00f1aden diversi\u00f3n y exploraci\u00f3n al espacio de cualquier ni\u00f1o.                    <\/div>\n                                    <\/div>\n\n                                <div class=\"elementskit-box-footer\">\n                    <div class=\"box-footer\">\n                        <div class=\"btn-wraper\">\n                                                            <a href=\"#elementor-action%3Aaction%3Dpopup%3Aopen%26settings%3DeyJpZCI6IjgyOCIsInRvZ2dsZSI6ZmFsc2V9\" class=\"elementskit-btn whitespace--normal\">\n                                    \n                                    \n                                    Seguir leyendo                                <\/a>\n                                                        <\/div>\n                    <\/div>\n                <\/div>\n                            <\/div>\n            <\/div>\n    <\/div>\t\t\t\t<\/div>\n\t\t\t\t<\/div>\n\t\t\t\t\t<\/div>\n\t\t<\/div>\n\t\t\t\t\t<\/div>\n\t\t<\/section>\n\t\t\t\t\t<\/div>\n\t\t<\/div>\n\t\t\t\t\t<\/div>\n\t\t<\/section>\n\t\t\t\t<\/div>","protected":false},"excerpt":{"rendered":"<p>Kids Home Furnitrue Explore our Preschool Furniture collection, which is ideal for daycare and kindergarten settings. Our products combine safety, durability, and functionality to create engaging learning spaces for young children. From versatile tables and chairs to intelligent storage solutions, each piece is designed to support early education and play. Tables and Desks Perfectly sized [&hellip;]<\/p>\n","protected":false},"author":1,"featured_media":0,"parent":0,"menu_order":0,"comment_status":"closed","ping_status":"closed","template":"","meta":{"footnotes":""},"class_list":["post-1224","page","type-page","status-publish","hentry"],"_links":{"self":[{"href":"https:\/\/xihakidz.com\/es\/wp-json\/wp\/v2\/pages\/1224","targetHints":{"allow":["GET"]}}],"collection":[{"href":"https:\/\/xihakidz.com\/es\/wp-json\/wp\/v2\/pages"}],"about":[{"href":"https:\/\/xihakidz.com\/es\/wp-json\/wp\/v2\/types\/page"}],"author":[{"embeddable":true,"href":"https:\/\/xihakidz.com\/es\/wp-json\/wp\/v2\/users\/1"}],"replies":[{"embeddable":true,"href":"https:\/\/xihakidz.com\/es\/wp-json\/wp\/v2\/comments?post=1224"}],"version-history":[{"count":0,"href":"https:\/\/xihakidz.com\/es\/wp-json\/wp\/v2\/pages\/1224\/revisions"}],"wp:attachment":[{"href":"https:\/\/xihakidz.com\/es\/wp-json\/wp\/v2\/media?parent=1224"}],"curies":[{"name":"wp","href":"https:\/\/api.w.org\/{rel}","templated":true}]}}