{"id":1224,"date":"2024-11-13T08:32:39","date_gmt":"2024-11-13T08:32:39","guid":{"rendered":"https:\/\/xihakidz.com\/?page_id=1224"},"modified":"2025-01-02T09:06:36","modified_gmt":"2025-01-02T09:06:36","slug":"meubles-pour-enfants","status":"publish","type":"page","link":"https:\/\/xihakidz.com\/fr\/kids-home-furniture\/","title":{"rendered":"Kids Home Furniture"},"content":{"rendered":"<div data-elementor-type=\"wp-page\" data-elementor-id=\"1224\" class=\"elementor elementor-1224\" data-elementor-post-type=\"page\">\n\t\t\t\t\t\t<section class=\"elementor-section elementor-top-section elementor-element elementor-element-a5fa1c8 elementor-section-boxed elementor-section-height-default elementor-section-height-default\" data-id=\"a5fa1c8\" data-element_type=\"section\" data-e-type=\"section\" data-settings=\"{&quot;ekit_has_onepagescroll_dot&quot;:&quot;yes&quot;}\">\n\t\t\t\t\t\t<div class=\"elementor-container elementor-column-gap-default\">\n\t\t\t\t\t<div class=\"elementor-column elementor-col-100 elementor-top-column elementor-element elementor-element-b7b2af7\" data-id=\"b7b2af7\" data-element_type=\"column\" data-e-type=\"column\">\n\t\t\t<div class=\"elementor-widget-wrap elementor-element-populated\">\n\t\t\t\t\t\t<section class=\"elementor-section elementor-inner-section elementor-element elementor-element-645adee elementor-section-boxed elementor-section-height-default elementor-section-height-default\" data-id=\"645adee\" data-element_type=\"section\" data-e-type=\"section\" data-settings=\"{&quot;ekit_has_onepagescroll_dot&quot;:&quot;yes&quot;}\">\n\t\t\t\t\t\t<div class=\"elementor-container elementor-column-gap-default\">\n\t\t\t\t\t<div class=\"elementor-column elementor-col-100 elementor-inner-column elementor-element elementor-element-388f5dd\" data-id=\"388f5dd\" data-element_type=\"column\" data-e-type=\"column\">\n\t\t\t<div class=\"elementor-widget-wrap elementor-element-populated\">\n\t\t\t\t\t\t<div class=\"elementor-element elementor-element-35fab0d elementor-widget elementor-widget-elementskit-heading\" data-id=\"35fab0d\" data-element_type=\"widget\" data-e-type=\"widget\" data-settings=\"{&quot;ekit_we_effect_on&quot;:&quot;none&quot;}\" data-widget_type=\"elementskit-heading.default\">\n\t\t\t\t<div class=\"elementor-widget-container\">\n\t\t\t\t\t<div class=\"ekit-wid-con\" ><div class=\"ekit-heading elementskit-section-title-wraper text_center   ekit_heading_tablet-   ekit_heading_mobile-\"><h1 class=\"ekit-heading--title elementskit-section-title\">Meubles pour enfants<\/h1>\t\t\t\t<div class='ekit-heading__description'>\n\t\t\t\t\t<p>D\u00e9couvrez notre collection de mobilier pr\u00e9scolaire, id\u00e9ale pour les cr\u00e8ches et les jardins d&#039;enfants. Nos produits allient s\u00e9curit\u00e9, durabilit\u00e9 et fonctionnalit\u00e9 pour cr\u00e9er des espaces d&#039;apprentissage stimulants pour les jeunes enfants. Des tables et chaises polyvalentes aux solutions de rangement astucieuses, chaque meuble est con\u00e7u pour favoriser l&#039;\u00e9veil et le jeu des jeunes enfants.<\/p>\n\t\t\t\t<\/div>\n\t\t\t<\/div><\/div>\t\t\t\t<\/div>\n\t\t\t\t<\/div>\n\t\t\t\t\t<\/div>\n\t\t<\/div>\n\t\t\t\t\t<\/div>\n\t\t<\/section>\n\t\t\t\t<section class=\"elementor-section elementor-inner-section elementor-element elementor-element-ac8dc94 elementor-section-boxed elementor-section-height-default elementor-section-height-default\" data-id=\"ac8dc94\" data-element_type=\"section\" data-e-type=\"section\" data-settings=\"{&quot;ekit_has_onepagescroll_dot&quot;:&quot;yes&quot;}\">\n\t\t\t\t\t\t<div class=\"elementor-container elementor-column-gap-default\">\n\t\t\t\t\t<div class=\"elementor-column elementor-col-33 elementor-inner-column elementor-element elementor-element-1167331\" data-id=\"1167331\" data-element_type=\"column\" data-e-type=\"column\">\n\t\t\t<div class=\"elementor-widget-wrap elementor-element-populated\">\n\t\t\t\t\t\t<div class=\"elementor-element elementor-element-f611ce9 ekit-equal-height-disable elementor-widget elementor-widget-elementskit-image-box\" data-id=\"f611ce9\" data-element_type=\"widget\" data-e-type=\"widget\" data-settings=\"{&quot;ekit_we_effect_on&quot;:&quot;none&quot;}\" data-widget_type=\"elementskit-image-box.default\">\n\t\t\t\t<div class=\"elementor-widget-container\">\n\t\t\t\t\t<div class=\"ekit-wid-con\" >\n            <div class=\"elementskit-info-image-box ekit-image-box text-left style-modern\" >\n\n                \n                <div class=\"elementskit-box-header image-box-img-left\">\n\n                    <img fetchpriority=\"high\" decoding=\"async\" width=\"800\" height=\"800\" src=\"https:\/\/xihakidz.com\/wp-content\/uploads\/2024\/11\/Tables-and-Desks.webp\" class=\"attachment-full size-full wp-image-1235\" alt=\"Tables et bureaux\" srcset=\"https:\/\/xihakidz.com\/wp-content\/uploads\/2024\/11\/Tables-and-Desks.webp 800w, https:\/\/xihakidz.com\/wp-content\/uploads\/2024\/11\/Tables-and-Desks-300x300.webp 300w, https:\/\/xihakidz.com\/wp-content\/uploads\/2024\/11\/Tables-and-Desks-150x150.webp 150w, https:\/\/xihakidz.com\/wp-content\/uploads\/2024\/11\/Tables-and-Desks-768x768.webp 768w\" sizes=\"(max-width: 800px) 100vw, 800px\" \/>\n                <\/div>\n                \n                <div class=\"elementskit-box-body ekit-image-box-body\">\n                    <div class=\"elementskit-box-content ekit-image-box-body-inner\">\n                                                <h2 class=\"elementskit-info-box-title\">\n\n                        Tables et bureaux\n                        \n                    <\/h2>\n                                                            <div class=\"elementskit-box-style-content\">\n                        Tables et bureaux aux dimensions id\u00e9ales pour les enfants, con\u00e7us pour les activit\u00e9s manuelles, les go\u00fbters et les moments d&#039;\u00e9tude. Leur construction robuste et leur design \u00e9pur\u00e9 en font un ajout polyvalent \u00e0 toute chambre d&#039;enfant.                    <\/div>\n                                    <\/div>\n\n                                <div class=\"elementskit-box-footer\">\n                    <div class=\"box-footer\">\n                        <div class=\"btn-wraper\">\n                                                            <a href=\"#elementor-action%3Aaction%3Dpopup%3Aopen%26settings%3DeyJpZCI6IjgyOCIsInRvZ2dsZSI6ZmFsc2V9\" class=\"elementskit-btn whitespace--normal\">\n                                    \n                                    \n                                    En savoir plus                                <\/a>\n                                                        <\/div>\n                    <\/div>\n                <\/div>\n                            <\/div>\n            <\/div>\n    <\/div>\t\t\t\t<\/div>\n\t\t\t\t<\/div>\n\t\t\t\t\t<\/div>\n\t\t<\/div>\n\t\t\t\t<div class=\"elementor-column elementor-col-33 elementor-inner-column elementor-element elementor-element-3e3b1bb\" data-id=\"3e3b1bb\" data-element_type=\"column\" data-e-type=\"column\">\n\t\t\t<div class=\"elementor-widget-wrap elementor-element-populated\">\n\t\t\t\t\t\t<div class=\"elementor-element elementor-element-d8fbe22 ekit-equal-height-disable elementor-widget elementor-widget-elementskit-image-box\" data-id=\"d8fbe22\" data-element_type=\"widget\" data-e-type=\"widget\" data-settings=\"{&quot;ekit_we_effect_on&quot;:&quot;none&quot;}\" data-widget_type=\"elementskit-image-box.default\">\n\t\t\t\t<div class=\"elementor-widget-container\">\n\t\t\t\t\t<div class=\"ekit-wid-con\" >\n            <div class=\"elementskit-info-image-box ekit-image-box text-left style-modern\" >\n\n                \n                <div class=\"elementskit-box-header image-box-img-left\">\n\n                    <img decoding=\"async\" width=\"800\" height=\"800\" src=\"https:\/\/xihakidz.com\/wp-content\/uploads\/2024\/11\/Chairs.webp\" class=\"attachment-full size-full wp-image-1234\" alt=\"Chaises\" srcset=\"https:\/\/xihakidz.com\/wp-content\/uploads\/2024\/11\/Chairs.webp 800w, https:\/\/xihakidz.com\/wp-content\/uploads\/2024\/11\/Chairs-300x300.webp 300w, https:\/\/xihakidz.com\/wp-content\/uploads\/2024\/11\/Chairs-150x150.webp 150w, https:\/\/xihakidz.com\/wp-content\/uploads\/2024\/11\/Chairs-768x768.webp 768w\" sizes=\"(max-width: 800px) 100vw, 800px\" \/>\n                <\/div>\n                \n                <div class=\"elementskit-box-body ekit-image-box-body\">\n                    <div class=\"elementskit-box-content ekit-image-box-body-inner\">\n                                                <h2 class=\"elementskit-info-box-title\">\n\n                        Chaises\n                        \n                    <\/h2>\n                                                            <div class=\"elementskit-box-style-content\">\n                        Des chaises confortables et confortables, con\u00e7ues pour les plus petits, offrant un espace confortable pour lire ou se d\u00e9tendre. L\u00e9g\u00e8res et faciles \u00e0 d\u00e9placer, ces chaises ajoutent une touche ludique \u00e0 n&#039;importe quel espace.                    <\/div>\n                                    <\/div>\n\n                                <div class=\"elementskit-box-footer\">\n                    <div class=\"box-footer\">\n                        <div class=\"btn-wraper\">\n                                                            <a href=\"#elementor-action%3Aaction%3Dpopup%3Aopen%26settings%3DeyJpZCI6IjgyOCIsInRvZ2dsZSI6ZmFsc2V9\" class=\"elementskit-btn whitespace--normal\">\n                                    \n                                    \n                                    En savoir plus                                <\/a>\n                                                        <\/div>\n                    <\/div>\n                <\/div>\n                            <\/div>\n            <\/div>\n    <\/div>\t\t\t\t<\/div>\n\t\t\t\t<\/div>\n\t\t\t\t\t<\/div>\n\t\t<\/div>\n\t\t\t\t<div class=\"elementor-column elementor-col-33 elementor-inner-column elementor-element elementor-element-58f2817\" data-id=\"58f2817\" data-element_type=\"column\" data-e-type=\"column\">\n\t\t\t<div class=\"elementor-widget-wrap elementor-element-populated\">\n\t\t\t\t\t\t<div class=\"elementor-element elementor-element-8e93f81 ekit-equal-height-disable elementor-widget elementor-widget-elementskit-image-box\" data-id=\"8e93f81\" data-element_type=\"widget\" data-e-type=\"widget\" data-settings=\"{&quot;ekit_we_effect_on&quot;:&quot;none&quot;}\" data-widget_type=\"elementskit-image-box.default\">\n\t\t\t\t<div class=\"elementor-widget-container\">\n\t\t\t\t\t<div class=\"ekit-wid-con\" >\n            <div class=\"elementskit-info-image-box ekit-image-box text-left style-modern\" >\n\n                \n                <div class=\"elementskit-box-header image-box-img-left\">\n\n                    <img decoding=\"async\" width=\"800\" height=\"800\" src=\"https:\/\/xihakidz.com\/wp-content\/uploads\/2024\/11\/Bookcases.webp\" class=\"attachment-full size-full wp-image-1233\" alt=\"Biblioth\u00e8ques\" srcset=\"https:\/\/xihakidz.com\/wp-content\/uploads\/2024\/11\/Bookcases.webp 800w, https:\/\/xihakidz.com\/wp-content\/uploads\/2024\/11\/Bookcases-300x300.webp 300w, https:\/\/xihakidz.com\/wp-content\/uploads\/2024\/11\/Bookcases-150x150.webp 150w, https:\/\/xihakidz.com\/wp-content\/uploads\/2024\/11\/Bookcases-768x768.webp 768w\" sizes=\"(max-width: 800px) 100vw, 800px\" \/>\n                <\/div>\n                \n                <div class=\"elementskit-box-body ekit-image-box-body\">\n                    <div class=\"elementskit-box-content ekit-image-box-body-inner\">\n                                                <h2 class=\"elementskit-info-box-title\">\n\n                        Biblioth\u00e8que\n                        \n                    <\/h2>\n                                                            <div class=\"elementskit-box-style-content\">\n                        Une biblioth\u00e8que pratique avec plusieurs \u00e9tag\u00e8res pour ranger livres, jouets et petits objets. Id\u00e9ale pour ajouter du rangement et de la d\u00e9coration aux chambres d&#039;enfants ou aux espaces de jeux, elle permet aux enfants d&#039;acc\u00e9der facilement et en toute autonomie \u00e0 leurs objets pr\u00e9f\u00e9r\u00e9s.                    <\/div>\n                                    <\/div>\n\n                                <div class=\"elementskit-box-footer\">\n                    <div class=\"box-footer\">\n                        <div class=\"btn-wraper\">\n                                                            <a href=\"#elementor-action%3Aaction%3Dpopup%3Aopen%26settings%3DeyJpZCI6IjgyOCIsInRvZ2dsZSI6ZmFsc2V9\" class=\"elementskit-btn whitespace--normal\">\n                                    \n                                    \n                                    En savoir plus                                <\/a>\n                                                        <\/div>\n                    <\/div>\n                <\/div>\n                            <\/div>\n            <\/div>\n    <\/div>\t\t\t\t<\/div>\n\t\t\t\t<\/div>\n\t\t\t\t\t<\/div>\n\t\t<\/div>\n\t\t\t\t\t<\/div>\n\t\t<\/section>\n\t\t\t\t<section class=\"elementor-section elementor-inner-section elementor-element elementor-element-f4828c6 elementor-section-boxed elementor-section-height-default elementor-section-height-default\" data-id=\"f4828c6\" data-element_type=\"section\" data-e-type=\"section\" data-settings=\"{&quot;ekit_has_onepagescroll_dot&quot;:&quot;yes&quot;}\">\n\t\t\t\t\t\t<div class=\"elementor-container elementor-column-gap-default\">\n\t\t\t\t\t<div class=\"elementor-column elementor-col-33 elementor-inner-column elementor-element elementor-element-db31a37\" data-id=\"db31a37\" data-element_type=\"column\" data-e-type=\"column\">\n\t\t\t<div class=\"elementor-widget-wrap elementor-element-populated\">\n\t\t\t\t\t\t<div class=\"elementor-element elementor-element-558c62f ekit-equal-height-disable elementor-widget elementor-widget-elementskit-image-box\" data-id=\"558c62f\" data-element_type=\"widget\" data-e-type=\"widget\" data-settings=\"{&quot;ekit_we_effect_on&quot;:&quot;none&quot;}\" data-widget_type=\"elementskit-image-box.default\">\n\t\t\t\t<div class=\"elementor-widget-container\">\n\t\t\t\t\t<div class=\"ekit-wid-con\" >\n            <div class=\"elementskit-info-image-box ekit-image-box text-left style-modern\" >\n\n                \n                <div class=\"elementskit-box-header image-box-img-left\">\n\n                    <img loading=\"lazy\" decoding=\"async\" width=\"800\" height=\"800\" src=\"https:\/\/xihakidz.com\/wp-content\/uploads\/2024\/11\/Toy-Storage.webp\" class=\"attachment-full size-full wp-image-1232\" alt=\"Rangement de jouets\" srcset=\"https:\/\/xihakidz.com\/wp-content\/uploads\/2024\/11\/Toy-Storage.webp 800w, https:\/\/xihakidz.com\/wp-content\/uploads\/2024\/11\/Toy-Storage-300x300.webp 300w, https:\/\/xihakidz.com\/wp-content\/uploads\/2024\/11\/Toy-Storage-150x150.webp 150w, https:\/\/xihakidz.com\/wp-content\/uploads\/2024\/11\/Toy-Storage-768x768.webp 768w\" sizes=\"(max-width: 800px) 100vw, 800px\" \/>\n                <\/div>\n                \n                <div class=\"elementskit-box-body ekit-image-box-body\">\n                    <div class=\"elementskit-box-content ekit-image-box-body-inner\">\n                                                <h2 class=\"elementskit-info-box-title\">\n\n                        Rangement de jouets\n                        \n                    <\/h2>\n                                                            <div class=\"elementskit-box-style-content\">\n                        Des rangements pratiques con\u00e7us pour ranger soigneusement jouets, jeux et objets du quotidien. Avec des compartiments adapt\u00e9s aux enfants et des sections faciles d&#039;acc\u00e8s, ces solutions de rangement favorisent l&#039;autonomie.                    <\/div>\n                                    <\/div>\n\n                                <div class=\"elementskit-box-footer\">\n                    <div class=\"box-footer\">\n                        <div class=\"btn-wraper\">\n                                                            <a href=\"#elementor-action%3Aaction%3Dpopup%3Aopen%26settings%3DeyJpZCI6IjgyOCIsInRvZ2dsZSI6ZmFsc2V9\" class=\"elementskit-btn whitespace--normal\">\n                                    \n                                    \n                                    En savoir plus                                <\/a>\n                                                        <\/div>\n                    <\/div>\n                <\/div>\n                            <\/div>\n            <\/div>\n    <\/div>\t\t\t\t<\/div>\n\t\t\t\t<\/div>\n\t\t\t\t\t<\/div>\n\t\t<\/div>\n\t\t\t\t<div class=\"elementor-column elementor-col-33 elementor-inner-column elementor-element elementor-element-2f3f334\" data-id=\"2f3f334\" data-element_type=\"column\" data-e-type=\"column\">\n\t\t\t<div class=\"elementor-widget-wrap elementor-element-populated\">\n\t\t\t\t\t\t<div class=\"elementor-element elementor-element-5d519c4 ekit-equal-height-disable elementor-widget elementor-widget-elementskit-image-box\" data-id=\"5d519c4\" data-element_type=\"widget\" data-e-type=\"widget\" data-settings=\"{&quot;ekit_we_effect_on&quot;:&quot;none&quot;}\" data-widget_type=\"elementskit-image-box.default\">\n\t\t\t\t<div class=\"elementor-widget-container\">\n\t\t\t\t\t<div class=\"ekit-wid-con\" >\n            <div class=\"elementskit-info-image-box ekit-image-box text-left style-modern\" >\n\n                \n                <div class=\"elementskit-box-header image-box-img-left\">\n\n                    <img loading=\"lazy\" decoding=\"async\" width=\"800\" height=\"800\" src=\"https:\/\/xihakidz.com\/wp-content\/uploads\/2024\/11\/Nursery-cribs.webp\" class=\"attachment-full size-full wp-image-1236\" alt=\"Berceaux de cr\u00e8che\" srcset=\"https:\/\/xihakidz.com\/wp-content\/uploads\/2024\/11\/Nursery-cribs.webp 800w, https:\/\/xihakidz.com\/wp-content\/uploads\/2024\/11\/Nursery-cribs-300x300.webp 300w, https:\/\/xihakidz.com\/wp-content\/uploads\/2024\/11\/Nursery-cribs-150x150.webp 150w, https:\/\/xihakidz.com\/wp-content\/uploads\/2024\/11\/Nursery-cribs-768x768.webp 768w\" sizes=\"(max-width: 800px) 100vw, 800px\" \/>\n                <\/div>\n                \n                <div class=\"elementskit-box-body ekit-image-box-body\">\n                    <div class=\"elementskit-box-content ekit-image-box-body-inner\">\n                                                <h2 class=\"elementskit-info-box-title\">\n\n                        Lits et berceaux pour enfants\n                        \n                    <\/h2>\n                                                            <div class=\"elementskit-box-style-content\">\n                        Des lits et berceaux confortables offrant un espace de sommeil s\u00fbr et douillet aux nourrissons et aux tout-petits. Fabriqu\u00e9s avec des mat\u00e9riaux de qualit\u00e9 pour une durabilit\u00e9 optimale, ils garantissent des nuits reposantes et de beaux r\u00eaves.                    <\/div>\n                                    <\/div>\n\n                                <div class=\"elementskit-box-footer\">\n                    <div class=\"box-footer\">\n                        <div class=\"btn-wraper\">\n                                                            <a href=\"#elementor-action%3Aaction%3Dpopup%3Aopen%26settings%3DeyJpZCI6IjgyOCIsInRvZ2dsZSI6ZmFsc2V9\" class=\"elementskit-btn whitespace--normal\">\n                                    \n                                    \n                                    En savoir plus                                <\/a>\n                                                        <\/div>\n                    <\/div>\n                <\/div>\n                            <\/div>\n            <\/div>\n    <\/div>\t\t\t\t<\/div>\n\t\t\t\t<\/div>\n\t\t\t\t\t<\/div>\n\t\t<\/div>\n\t\t\t\t<div class=\"elementor-column elementor-col-33 elementor-inner-column elementor-element elementor-element-ad642bb\" data-id=\"ad642bb\" data-element_type=\"column\" data-e-type=\"column\">\n\t\t\t<div class=\"elementor-widget-wrap elementor-element-populated\">\n\t\t\t\t\t\t<div class=\"elementor-element elementor-element-3a2b379 ekit-equal-height-disable elementor-widget elementor-widget-elementskit-image-box\" data-id=\"3a2b379\" data-element_type=\"widget\" data-e-type=\"widget\" data-settings=\"{&quot;ekit_we_effect_on&quot;:&quot;none&quot;}\" data-widget_type=\"elementskit-image-box.default\">\n\t\t\t\t<div class=\"elementor-widget-container\">\n\t\t\t\t\t<div class=\"ekit-wid-con\" >\n            <div class=\"elementskit-info-image-box ekit-image-box text-left style-modern\" >\n\n                \n                <div class=\"elementskit-box-header image-box-img-left\">\n\n                    <img loading=\"lazy\" decoding=\"async\" width=\"800\" height=\"800\" src=\"https:\/\/xihakidz.com\/wp-content\/uploads\/2024\/11\/dramatic-play.webp\" class=\"attachment-full size-full wp-image-1237\" alt=\"pi\u00e8ce dramatique\" srcset=\"https:\/\/xihakidz.com\/wp-content\/uploads\/2024\/11\/dramatic-play.webp 800w, https:\/\/xihakidz.com\/wp-content\/uploads\/2024\/11\/dramatic-play-300x300.webp 300w, https:\/\/xihakidz.com\/wp-content\/uploads\/2024\/11\/dramatic-play-150x150.webp 150w, https:\/\/xihakidz.com\/wp-content\/uploads\/2024\/11\/dramatic-play-768x768.webp 768w\" sizes=\"(max-width: 800px) 100vw, 800px\" \/>\n                <\/div>\n                \n                <div class=\"elementskit-box-body ekit-image-box-body\">\n                    <div class=\"elementskit-box-content ekit-image-box-body-inner\">\n                                                <h2 class=\"elementskit-info-box-title\">\n\n                        Pi\u00e8ce dramatique\n                        \n                    <\/h2>\n                                                            <div class=\"elementskit-box-style-content\">\n                        Encouragez la cr\u00e9ativit\u00e9 et l&#039;imagination avec une vari\u00e9t\u00e9 de meubles et d&#039;accessoires de jeu de r\u00f4le. Parfaits pour se d\u00e9guiser, faire semblant et raconter des histoires, ces meubles ajoutent une dimension ludique et exploratoire \u00e0 l&#039;espace de tout enfant.                    <\/div>\n                                    <\/div>\n\n                                <div class=\"elementskit-box-footer\">\n                    <div class=\"box-footer\">\n                        <div class=\"btn-wraper\">\n                                                            <a href=\"#elementor-action%3Aaction%3Dpopup%3Aopen%26settings%3DeyJpZCI6IjgyOCIsInRvZ2dsZSI6ZmFsc2V9\" class=\"elementskit-btn whitespace--normal\">\n                                    \n                                    \n                                    En savoir plus                                <\/a>\n                                                        <\/div>\n                    <\/div>\n                <\/div>\n                            <\/div>\n            <\/div>\n    <\/div>\t\t\t\t<\/div>\n\t\t\t\t<\/div>\n\t\t\t\t\t<\/div>\n\t\t<\/div>\n\t\t\t\t\t<\/div>\n\t\t<\/section>\n\t\t\t\t\t<\/div>\n\t\t<\/div>\n\t\t\t\t\t<\/div>\n\t\t<\/section>\n\t\t\t\t<\/div>","protected":false},"excerpt":{"rendered":"<p>Kids Home Furnitrue Explore our Preschool Furniture collection, which is ideal for daycare and kindergarten settings. Our products combine safety, durability, and functionality to create engaging learning spaces for young children. From versatile tables and chairs to intelligent storage solutions, each piece is designed to support early education and play. Tables and Desks Perfectly sized [&hellip;]<\/p>\n","protected":false},"author":1,"featured_media":0,"parent":0,"menu_order":0,"comment_status":"closed","ping_status":"closed","template":"","meta":{"footnotes":""},"class_list":["post-1224","page","type-page","status-publish","hentry"],"_links":{"self":[{"href":"https:\/\/xihakidz.com\/fr\/wp-json\/wp\/v2\/pages\/1224","targetHints":{"allow":["GET"]}}],"collection":[{"href":"https:\/\/xihakidz.com\/fr\/wp-json\/wp\/v2\/pages"}],"about":[{"href":"https:\/\/xihakidz.com\/fr\/wp-json\/wp\/v2\/types\/page"}],"author":[{"embeddable":true,"href":"https:\/\/xihakidz.com\/fr\/wp-json\/wp\/v2\/users\/1"}],"replies":[{"embeddable":true,"href":"https:\/\/xihakidz.com\/fr\/wp-json\/wp\/v2\/comments?post=1224"}],"version-history":[{"count":0,"href":"https:\/\/xihakidz.com\/fr\/wp-json\/wp\/v2\/pages\/1224\/revisions"}],"wp:attachment":[{"href":"https:\/\/xihakidz.com\/fr\/wp-json\/wp\/v2\/media?parent=1224"}],"curies":[{"name":"wp","href":"https:\/\/api.w.org\/{rel}","templated":true}]}}