{"id":1224,"date":"2024-11-13T08:32:39","date_gmt":"2024-11-13T08:32:39","guid":{"rendered":"https:\/\/xihakidz.com\/?page_id=1224"},"modified":"2025-01-02T09:06:36","modified_gmt":"2025-01-02T09:06:36","slug":"mobili-per-la-casa-dei-bambini","status":"publish","type":"page","link":"https:\/\/xihakidz.com\/it\/kids-home-furniture\/","title":{"rendered":"Kids Home Furniture"},"content":{"rendered":"<div data-elementor-type=\"wp-page\" data-elementor-id=\"1224\" class=\"elementor elementor-1224\" data-elementor-post-type=\"page\">\n\t\t\t\t\t\t<section class=\"elementor-section elementor-top-section elementor-element elementor-element-a5fa1c8 elementor-section-boxed elementor-section-height-default elementor-section-height-default\" data-id=\"a5fa1c8\" data-element_type=\"section\" data-e-type=\"section\" data-settings=\"{&quot;ekit_has_onepagescroll_dot&quot;:&quot;yes&quot;}\">\n\t\t\t\t\t\t<div class=\"elementor-container elementor-column-gap-default\">\n\t\t\t\t\t<div class=\"elementor-column elementor-col-100 elementor-top-column elementor-element elementor-element-b7b2af7\" data-id=\"b7b2af7\" data-element_type=\"column\" data-e-type=\"column\">\n\t\t\t<div class=\"elementor-widget-wrap elementor-element-populated\">\n\t\t\t\t\t\t<section class=\"elementor-section elementor-inner-section elementor-element elementor-element-645adee elementor-section-boxed elementor-section-height-default elementor-section-height-default\" data-id=\"645adee\" data-element_type=\"section\" data-e-type=\"section\" data-settings=\"{&quot;ekit_has_onepagescroll_dot&quot;:&quot;yes&quot;}\">\n\t\t\t\t\t\t<div class=\"elementor-container elementor-column-gap-default\">\n\t\t\t\t\t<div class=\"elementor-column elementor-col-100 elementor-inner-column elementor-element elementor-element-388f5dd\" data-id=\"388f5dd\" data-element_type=\"column\" data-e-type=\"column\">\n\t\t\t<div class=\"elementor-widget-wrap elementor-element-populated\">\n\t\t\t\t\t\t<div class=\"elementor-element elementor-element-35fab0d elementor-widget elementor-widget-elementskit-heading\" data-id=\"35fab0d\" data-element_type=\"widget\" data-e-type=\"widget\" data-settings=\"{&quot;ekit_we_effect_on&quot;:&quot;none&quot;}\" data-widget_type=\"elementskit-heading.default\">\n\t\t\t\t<div class=\"elementor-widget-container\">\n\t\t\t\t\t<div class=\"ekit-wid-con\" ><div class=\"ekit-heading elementskit-section-title-wraper text_center   ekit_heading_tablet-   ekit_heading_mobile-\"><h1 class=\"ekit-heading--title elementskit-section-title\">Arredamento per la casa dei bambini<\/h1>\t\t\t\t<div class='ekit-heading__description'>\n\t\t\t\t\t<p>Esplora la nostra collezione di mobili per la scuola materna, ideale per asili nido e scuole materne. I nostri prodotti combinano sicurezza, resistenza e funzionalit\u00e0 per creare spazi di apprendimento coinvolgenti per i pi\u00f9 piccoli. Da tavoli e sedie versatili a soluzioni di contenimento intelligenti, ogni articolo \u00e8 progettato per supportare l&#039;educazione e il gioco nella prima infanzia.<\/p>\n\t\t\t\t<\/div>\n\t\t\t<\/div><\/div>\t\t\t\t<\/div>\n\t\t\t\t<\/div>\n\t\t\t\t\t<\/div>\n\t\t<\/div>\n\t\t\t\t\t<\/div>\n\t\t<\/section>\n\t\t\t\t<section class=\"elementor-section elementor-inner-section elementor-element elementor-element-ac8dc94 elementor-section-boxed elementor-section-height-default elementor-section-height-default\" data-id=\"ac8dc94\" data-element_type=\"section\" data-e-type=\"section\" data-settings=\"{&quot;ekit_has_onepagescroll_dot&quot;:&quot;yes&quot;}\">\n\t\t\t\t\t\t<div class=\"elementor-container elementor-column-gap-default\">\n\t\t\t\t\t<div class=\"elementor-column elementor-col-33 elementor-inner-column elementor-element elementor-element-1167331\" data-id=\"1167331\" data-element_type=\"column\" data-e-type=\"column\">\n\t\t\t<div class=\"elementor-widget-wrap elementor-element-populated\">\n\t\t\t\t\t\t<div class=\"elementor-element elementor-element-f611ce9 ekit-equal-height-disable elementor-widget elementor-widget-elementskit-image-box\" data-id=\"f611ce9\" data-element_type=\"widget\" data-e-type=\"widget\" data-settings=\"{&quot;ekit_we_effect_on&quot;:&quot;none&quot;}\" data-widget_type=\"elementskit-image-box.default\">\n\t\t\t\t<div class=\"elementor-widget-container\">\n\t\t\t\t\t<div class=\"ekit-wid-con\" >\n            <div class=\"elementskit-info-image-box ekit-image-box text-left style-modern\" >\n\n                \n                <div class=\"elementskit-box-header image-box-img-left\">\n\n                    <img fetchpriority=\"high\" decoding=\"async\" width=\"800\" height=\"800\" src=\"https:\/\/xihakidz.com\/wp-content\/uploads\/2024\/11\/Tables-and-Desks.webp\" class=\"attachment-full size-full wp-image-1235\" alt=\"Tavoli e scrivanie\" srcset=\"https:\/\/xihakidz.com\/wp-content\/uploads\/2024\/11\/Tables-and-Desks.webp 800w, https:\/\/xihakidz.com\/wp-content\/uploads\/2024\/11\/Tables-and-Desks-300x300.webp 300w, https:\/\/xihakidz.com\/wp-content\/uploads\/2024\/11\/Tables-and-Desks-150x150.webp 150w, https:\/\/xihakidz.com\/wp-content\/uploads\/2024\/11\/Tables-and-Desks-768x768.webp 768w\" sizes=\"(max-width: 800px) 100vw, 800px\" \/>\n                <\/div>\n                \n                <div class=\"elementskit-box-body ekit-image-box-body\">\n                    <div class=\"elementskit-box-content ekit-image-box-body-inner\">\n                                                <h2 class=\"elementskit-info-box-title\">\n\n                        Tavoli e scrivanie\n                        \n                    <\/h2>\n                                                            <div class=\"elementskit-box-style-content\">\n                        Tavoli e scrivanie dalle dimensioni perfette per i bambini, progettati per supportare lavoretti, spuntini e studio. La struttura robusta e il design semplice li rendono un&#039;aggiunta versatile alla cameretta di qualsiasi bambino.                    <\/div>\n                                    <\/div>\n\n                                <div class=\"elementskit-box-footer\">\n                    <div class=\"box-footer\">\n                        <div class=\"btn-wraper\">\n                                                            <a href=\"#elementor-action%3Aaction%3Dpopup%3Aopen%26settings%3DeyJpZCI6IjgyOCIsInRvZ2dsZSI6ZmFsc2V9\" class=\"elementskit-btn whitespace--normal\">\n                                    \n                                    \n                                    Per saperne di pi\u00f9                                <\/a>\n                                                        <\/div>\n                    <\/div>\n                <\/div>\n                            <\/div>\n            <\/div>\n    <\/div>\t\t\t\t<\/div>\n\t\t\t\t<\/div>\n\t\t\t\t\t<\/div>\n\t\t<\/div>\n\t\t\t\t<div class=\"elementor-column elementor-col-33 elementor-inner-column elementor-element elementor-element-3e3b1bb\" data-id=\"3e3b1bb\" data-element_type=\"column\" data-e-type=\"column\">\n\t\t\t<div class=\"elementor-widget-wrap elementor-element-populated\">\n\t\t\t\t\t\t<div class=\"elementor-element elementor-element-d8fbe22 ekit-equal-height-disable elementor-widget elementor-widget-elementskit-image-box\" data-id=\"d8fbe22\" data-element_type=\"widget\" data-e-type=\"widget\" data-settings=\"{&quot;ekit_we_effect_on&quot;:&quot;none&quot;}\" data-widget_type=\"elementskit-image-box.default\">\n\t\t\t\t<div class=\"elementor-widget-container\">\n\t\t\t\t\t<div class=\"ekit-wid-con\" >\n            <div class=\"elementskit-info-image-box ekit-image-box text-left style-modern\" >\n\n                \n                <div class=\"elementskit-box-header image-box-img-left\">\n\n                    <img decoding=\"async\" width=\"800\" height=\"800\" src=\"https:\/\/xihakidz.com\/wp-content\/uploads\/2024\/11\/Chairs.webp\" class=\"attachment-full size-full wp-image-1234\" alt=\"sedie\" srcset=\"https:\/\/xihakidz.com\/wp-content\/uploads\/2024\/11\/Chairs.webp 800w, https:\/\/xihakidz.com\/wp-content\/uploads\/2024\/11\/Chairs-300x300.webp 300w, https:\/\/xihakidz.com\/wp-content\/uploads\/2024\/11\/Chairs-150x150.webp 150w, https:\/\/xihakidz.com\/wp-content\/uploads\/2024\/11\/Chairs-768x768.webp 768w\" sizes=\"(max-width: 800px) 100vw, 800px\" \/>\n                <\/div>\n                \n                <div class=\"elementskit-box-body ekit-image-box-body\">\n                    <div class=\"elementskit-box-content ekit-image-box-body-inner\">\n                                                <h2 class=\"elementskit-info-box-title\">\n\n                        sedie\n                        \n                    <\/h2>\n                                                            <div class=\"elementskit-box-style-content\">\n                        Poltrone comode e confortevoli, pensate per i pi\u00f9 piccoli, che offrono un comodo spazio per leggere o rilassarsi. Leggere e facili da spostare, queste sedie aggiungono un tocco giocoso a qualsiasi spazio.                    <\/div>\n                                    <\/div>\n\n                                <div class=\"elementskit-box-footer\">\n                    <div class=\"box-footer\">\n                        <div class=\"btn-wraper\">\n                                                            <a href=\"#elementor-action%3Aaction%3Dpopup%3Aopen%26settings%3DeyJpZCI6IjgyOCIsInRvZ2dsZSI6ZmFsc2V9\" class=\"elementskit-btn whitespace--normal\">\n                                    \n                                    \n                                    Per saperne di pi\u00f9                                <\/a>\n                                                        <\/div>\n                    <\/div>\n                <\/div>\n                            <\/div>\n            <\/div>\n    <\/div>\t\t\t\t<\/div>\n\t\t\t\t<\/div>\n\t\t\t\t\t<\/div>\n\t\t<\/div>\n\t\t\t\t<div class=\"elementor-column elementor-col-33 elementor-inner-column elementor-element elementor-element-58f2817\" data-id=\"58f2817\" data-element_type=\"column\" data-e-type=\"column\">\n\t\t\t<div class=\"elementor-widget-wrap elementor-element-populated\">\n\t\t\t\t\t\t<div class=\"elementor-element elementor-element-8e93f81 ekit-equal-height-disable elementor-widget elementor-widget-elementskit-image-box\" data-id=\"8e93f81\" data-element_type=\"widget\" data-e-type=\"widget\" data-settings=\"{&quot;ekit_we_effect_on&quot;:&quot;none&quot;}\" data-widget_type=\"elementskit-image-box.default\">\n\t\t\t\t<div class=\"elementor-widget-container\">\n\t\t\t\t\t<div class=\"ekit-wid-con\" >\n            <div class=\"elementskit-info-image-box ekit-image-box text-left style-modern\" >\n\n                \n                <div class=\"elementskit-box-header image-box-img-left\">\n\n                    <img decoding=\"async\" width=\"800\" height=\"800\" src=\"https:\/\/xihakidz.com\/wp-content\/uploads\/2024\/11\/Bookcases.webp\" class=\"attachment-full size-full wp-image-1233\" alt=\"Librerie\" srcset=\"https:\/\/xihakidz.com\/wp-content\/uploads\/2024\/11\/Bookcases.webp 800w, https:\/\/xihakidz.com\/wp-content\/uploads\/2024\/11\/Bookcases-300x300.webp 300w, https:\/\/xihakidz.com\/wp-content\/uploads\/2024\/11\/Bookcases-150x150.webp 150w, https:\/\/xihakidz.com\/wp-content\/uploads\/2024\/11\/Bookcases-768x768.webp 768w\" sizes=\"(max-width: 800px) 100vw, 800px\" \/>\n                <\/div>\n                \n                <div class=\"elementskit-box-body ekit-image-box-body\">\n                    <div class=\"elementskit-box-content ekit-image-box-body-inner\">\n                                                <h2 class=\"elementskit-info-box-title\">\n\n                        Libreria\n                        \n                    <\/h2>\n                                                            <div class=\"elementskit-box-style-content\">\n                        Una pratica libreria con diversi ripiani per organizzare libri, giocattoli e piccoli oggetti. Ideale per aggiungere spazio espositivo alla cameretta o all&#039;area gioco dei bambini. Permette ai bambini di accedere facilmente ai loro oggetti preferiti in modo indipendente.                    <\/div>\n                                    <\/div>\n\n                                <div class=\"elementskit-box-footer\">\n                    <div class=\"box-footer\">\n                        <div class=\"btn-wraper\">\n                                                            <a href=\"#elementor-action%3Aaction%3Dpopup%3Aopen%26settings%3DeyJpZCI6IjgyOCIsInRvZ2dsZSI6ZmFsc2V9\" class=\"elementskit-btn whitespace--normal\">\n                                    \n                                    \n                                    Per saperne di pi\u00f9                                <\/a>\n                                                        <\/div>\n                    <\/div>\n                <\/div>\n                            <\/div>\n            <\/div>\n    <\/div>\t\t\t\t<\/div>\n\t\t\t\t<\/div>\n\t\t\t\t\t<\/div>\n\t\t<\/div>\n\t\t\t\t\t<\/div>\n\t\t<\/section>\n\t\t\t\t<section class=\"elementor-section elementor-inner-section elementor-element elementor-element-f4828c6 elementor-section-boxed elementor-section-height-default elementor-section-height-default\" data-id=\"f4828c6\" data-element_type=\"section\" data-e-type=\"section\" data-settings=\"{&quot;ekit_has_onepagescroll_dot&quot;:&quot;yes&quot;}\">\n\t\t\t\t\t\t<div class=\"elementor-container elementor-column-gap-default\">\n\t\t\t\t\t<div class=\"elementor-column elementor-col-33 elementor-inner-column elementor-element elementor-element-db31a37\" data-id=\"db31a37\" data-element_type=\"column\" data-e-type=\"column\">\n\t\t\t<div class=\"elementor-widget-wrap elementor-element-populated\">\n\t\t\t\t\t\t<div class=\"elementor-element elementor-element-558c62f ekit-equal-height-disable elementor-widget elementor-widget-elementskit-image-box\" data-id=\"558c62f\" data-element_type=\"widget\" data-e-type=\"widget\" data-settings=\"{&quot;ekit_we_effect_on&quot;:&quot;none&quot;}\" data-widget_type=\"elementskit-image-box.default\">\n\t\t\t\t<div class=\"elementor-widget-container\">\n\t\t\t\t\t<div class=\"ekit-wid-con\" >\n            <div class=\"elementskit-info-image-box ekit-image-box text-left style-modern\" >\n\n                \n                <div class=\"elementskit-box-header image-box-img-left\">\n\n                    <img loading=\"lazy\" decoding=\"async\" width=\"800\" height=\"800\" src=\"https:\/\/xihakidz.com\/wp-content\/uploads\/2024\/11\/Toy-Storage.webp\" class=\"attachment-full size-full wp-image-1232\" alt=\"Contenitore per giocattoli\" srcset=\"https:\/\/xihakidz.com\/wp-content\/uploads\/2024\/11\/Toy-Storage.webp 800w, https:\/\/xihakidz.com\/wp-content\/uploads\/2024\/11\/Toy-Storage-300x300.webp 300w, https:\/\/xihakidz.com\/wp-content\/uploads\/2024\/11\/Toy-Storage-150x150.webp 150w, https:\/\/xihakidz.com\/wp-content\/uploads\/2024\/11\/Toy-Storage-768x768.webp 768w\" sizes=\"(max-width: 800px) 100vw, 800px\" \/>\n                <\/div>\n                \n                <div class=\"elementskit-box-body ekit-image-box-body\">\n                    <div class=\"elementskit-box-content ekit-image-box-body-inner\">\n                                                <h2 class=\"elementskit-info-box-title\">\n\n                        Contenitore per giocattoli\n                        \n                    <\/h2>\n                                                            <div class=\"elementskit-box-style-content\">\n                        Comodi contenitori progettati per tenere giocattoli, giochi e oggetti essenziali di uso quotidiano in perfetto ordine. Con scomparti a misura di bambino e sezioni facili da raggiungere, queste soluzioni di contenimento stimolano l&#039;indipendenza.                    <\/div>\n                                    <\/div>\n\n                                <div class=\"elementskit-box-footer\">\n                    <div class=\"box-footer\">\n                        <div class=\"btn-wraper\">\n                                                            <a href=\"#elementor-action%3Aaction%3Dpopup%3Aopen%26settings%3DeyJpZCI6IjgyOCIsInRvZ2dsZSI6ZmFsc2V9\" class=\"elementskit-btn whitespace--normal\">\n                                    \n                                    \n                                    Per saperne di pi\u00f9                                <\/a>\n                                                        <\/div>\n                    <\/div>\n                <\/div>\n                            <\/div>\n            <\/div>\n    <\/div>\t\t\t\t<\/div>\n\t\t\t\t<\/div>\n\t\t\t\t\t<\/div>\n\t\t<\/div>\n\t\t\t\t<div class=\"elementor-column elementor-col-33 elementor-inner-column elementor-element elementor-element-2f3f334\" data-id=\"2f3f334\" data-element_type=\"column\" data-e-type=\"column\">\n\t\t\t<div class=\"elementor-widget-wrap elementor-element-populated\">\n\t\t\t\t\t\t<div class=\"elementor-element elementor-element-5d519c4 ekit-equal-height-disable elementor-widget elementor-widget-elementskit-image-box\" data-id=\"5d519c4\" data-element_type=\"widget\" data-e-type=\"widget\" data-settings=\"{&quot;ekit_we_effect_on&quot;:&quot;none&quot;}\" data-widget_type=\"elementskit-image-box.default\">\n\t\t\t\t<div class=\"elementor-widget-container\">\n\t\t\t\t\t<div class=\"ekit-wid-con\" >\n            <div class=\"elementskit-info-image-box ekit-image-box text-left style-modern\" >\n\n                \n                <div class=\"elementskit-box-header image-box-img-left\">\n\n                    <img loading=\"lazy\" decoding=\"async\" width=\"800\" height=\"800\" src=\"https:\/\/xihakidz.com\/wp-content\/uploads\/2024\/11\/Nursery-cribs.webp\" class=\"attachment-full size-full wp-image-1236\" alt=\"Culle per bambini\" srcset=\"https:\/\/xihakidz.com\/wp-content\/uploads\/2024\/11\/Nursery-cribs.webp 800w, https:\/\/xihakidz.com\/wp-content\/uploads\/2024\/11\/Nursery-cribs-300x300.webp 300w, https:\/\/xihakidz.com\/wp-content\/uploads\/2024\/11\/Nursery-cribs-150x150.webp 150w, https:\/\/xihakidz.com\/wp-content\/uploads\/2024\/11\/Nursery-cribs-768x768.webp 768w\" sizes=\"(max-width: 800px) 100vw, 800px\" \/>\n                <\/div>\n                \n                <div class=\"elementskit-box-body ekit-image-box-body\">\n                    <div class=\"elementskit-box-content ekit-image-box-body-inner\">\n                                                <h2 class=\"elementskit-info-box-title\">\n\n                        Letti e culle per bambini\n                        \n                    <\/h2>\n                                                            <div class=\"elementskit-box-style-content\">\n                        Letti e culle comodi che offrono un sonno sicuro e accogliente a neonati e bambini piccoli. Realizzati con materiali di qualit\u00e0 per garantire durata, assicurano notti tranquille e sogni d&#039;oro.                    <\/div>\n                                    <\/div>\n\n                                <div class=\"elementskit-box-footer\">\n                    <div class=\"box-footer\">\n                        <div class=\"btn-wraper\">\n                                                            <a href=\"#elementor-action%3Aaction%3Dpopup%3Aopen%26settings%3DeyJpZCI6IjgyOCIsInRvZ2dsZSI6ZmFsc2V9\" class=\"elementskit-btn whitespace--normal\">\n                                    \n                                    \n                                    Per saperne di pi\u00f9                                <\/a>\n                                                        <\/div>\n                    <\/div>\n                <\/div>\n                            <\/div>\n            <\/div>\n    <\/div>\t\t\t\t<\/div>\n\t\t\t\t<\/div>\n\t\t\t\t\t<\/div>\n\t\t<\/div>\n\t\t\t\t<div class=\"elementor-column elementor-col-33 elementor-inner-column elementor-element elementor-element-ad642bb\" data-id=\"ad642bb\" data-element_type=\"column\" data-e-type=\"column\">\n\t\t\t<div class=\"elementor-widget-wrap elementor-element-populated\">\n\t\t\t\t\t\t<div class=\"elementor-element elementor-element-3a2b379 ekit-equal-height-disable elementor-widget elementor-widget-elementskit-image-box\" data-id=\"3a2b379\" data-element_type=\"widget\" data-e-type=\"widget\" data-settings=\"{&quot;ekit_we_effect_on&quot;:&quot;none&quot;}\" data-widget_type=\"elementskit-image-box.default\">\n\t\t\t\t<div class=\"elementor-widget-container\">\n\t\t\t\t\t<div class=\"ekit-wid-con\" >\n            <div class=\"elementskit-info-image-box ekit-image-box text-left style-modern\" >\n\n                \n                <div class=\"elementskit-box-header image-box-img-left\">\n\n                    <img loading=\"lazy\" decoding=\"async\" width=\"800\" height=\"800\" src=\"https:\/\/xihakidz.com\/wp-content\/uploads\/2024\/11\/dramatic-play.webp\" class=\"attachment-full size-full wp-image-1237\" alt=\"opera drammatica\" srcset=\"https:\/\/xihakidz.com\/wp-content\/uploads\/2024\/11\/dramatic-play.webp 800w, https:\/\/xihakidz.com\/wp-content\/uploads\/2024\/11\/dramatic-play-300x300.webp 300w, https:\/\/xihakidz.com\/wp-content\/uploads\/2024\/11\/dramatic-play-150x150.webp 150w, https:\/\/xihakidz.com\/wp-content\/uploads\/2024\/11\/dramatic-play-768x768.webp 768w\" sizes=\"(max-width: 800px) 100vw, 800px\" \/>\n                <\/div>\n                \n                <div class=\"elementskit-box-body ekit-image-box-body\">\n                    <div class=\"elementskit-box-content ekit-image-box-body-inner\">\n                                                <h2 class=\"elementskit-info-box-title\">\n\n                        Gioco drammatico\n                        \n                    <\/h2>\n                                                            <div class=\"elementskit-box-style-content\">\n                        Stimola la creativit\u00e0 e il gioco di fantasia con una variet\u00e0 di mobili e accessori per il gioco di ruolo. Perfetti per travestimenti, giochi di finzione e narrazioni, questi pezzi aggiungono divertimento ed esplorazione allo spazio di ogni bambino.                    <\/div>\n                                    <\/div>\n\n                                <div class=\"elementskit-box-footer\">\n                    <div class=\"box-footer\">\n                        <div class=\"btn-wraper\">\n                                                            <a href=\"#elementor-action%3Aaction%3Dpopup%3Aopen%26settings%3DeyJpZCI6IjgyOCIsInRvZ2dsZSI6ZmFsc2V9\" class=\"elementskit-btn whitespace--normal\">\n                                    \n                                    \n                                    Per saperne di pi\u00f9                                <\/a>\n                                                        <\/div>\n                    <\/div>\n                <\/div>\n                            <\/div>\n            <\/div>\n    <\/div>\t\t\t\t<\/div>\n\t\t\t\t<\/div>\n\t\t\t\t\t<\/div>\n\t\t<\/div>\n\t\t\t\t\t<\/div>\n\t\t<\/section>\n\t\t\t\t\t<\/div>\n\t\t<\/div>\n\t\t\t\t\t<\/div>\n\t\t<\/section>\n\t\t\t\t<\/div>","protected":false},"excerpt":{"rendered":"<p>Kids Home Furnitrue Explore our Preschool Furniture collection, which is ideal for daycare and kindergarten settings. Our products combine safety, durability, and functionality to create engaging learning spaces for young children. From versatile tables and chairs to intelligent storage solutions, each piece is designed to support early education and play. Tables and Desks Perfectly sized [&hellip;]<\/p>\n","protected":false},"author":1,"featured_media":0,"parent":0,"menu_order":0,"comment_status":"closed","ping_status":"closed","template":"","meta":{"footnotes":""},"class_list":["post-1224","page","type-page","status-publish","hentry"],"_links":{"self":[{"href":"https:\/\/xihakidz.com\/it\/wp-json\/wp\/v2\/pages\/1224","targetHints":{"allow":["GET"]}}],"collection":[{"href":"https:\/\/xihakidz.com\/it\/wp-json\/wp\/v2\/pages"}],"about":[{"href":"https:\/\/xihakidz.com\/it\/wp-json\/wp\/v2\/types\/page"}],"author":[{"embeddable":true,"href":"https:\/\/xihakidz.com\/it\/wp-json\/wp\/v2\/users\/1"}],"replies":[{"embeddable":true,"href":"https:\/\/xihakidz.com\/it\/wp-json\/wp\/v2\/comments?post=1224"}],"version-history":[{"count":0,"href":"https:\/\/xihakidz.com\/it\/wp-json\/wp\/v2\/pages\/1224\/revisions"}],"wp:attachment":[{"href":"https:\/\/xihakidz.com\/it\/wp-json\/wp\/v2\/media?parent=1224"}],"curies":[{"name":"wp","href":"https:\/\/api.w.org\/{rel}","templated":true}]}}